{"id":16515,"date":"2021-12-04T01:37:02","date_gmt":"2021-12-04T01:37:02","guid":{"rendered":"https:\/\/www.dongthaptourism.com.vn\/search-home\/"},"modified":"2021-12-04T01:37:02","modified_gmt":"2021-12-04T01:37:02","slug":"search-home","status":"publish","type":"page","link":"https:\/\/dongthaptourism.com.vn\/en\/search-home\/","title":{"rendered":"Search Home"},"content":{"rendered":"<!-- directorist-shortcode:: [directorist_search_listing] -->\n<div class=\"directorist-search-contents\" data-atts='{&quot;show_title_subtitle&quot;:&quot;yes&quot;,&quot;search_bar_title&quot;:&quot;Search here&quot;,&quot;search_bar_sub_title&quot;:&quot;Find the best match of your interest&quot;,&quot;search_button&quot;:&quot;yes&quot;,&quot;search_button_text&quot;:&quot;Search Listing&quot;,&quot;more_filters_button&quot;:&quot;yes&quot;,&quot;more_filters_text&quot;:&quot;More Filters&quot;,&quot;reset_filters_button&quot;:&quot;yes&quot;,&quot;apply_filters_button&quot;:&quot;yes&quot;,&quot;reset_filters_text&quot;:&quot;Reset Filters&quot;,&quot;apply_filters_text&quot;:&quot;Apply Filters&quot;,&quot;logged_in_user_only&quot;:&quot;&quot;,&quot;redirect_page_url&quot;:&quot;&quot;,&quot;more_filters_display&quot;:&quot;sliding&quot;,&quot;directory_type&quot;:&quot;&quot;,&quot;default_directory_type&quot;:&quot;&quot;,&quot;show_popular_category&quot;:&quot;&quot;}' style=\"\">\n\n\t<div class=\"directorist-container-fluid\">\n\n\t\t\n\t\t\n\t\t\t<div class=\"directorist-search-top\">\n\n\t\t\t\t\t\t\t\t\t<h2 class=\"directorist-search-top__title\">Search here<\/h2>\n\t\t\t\t\n\t\t\t\t\t\t\t\t\t<p class=\"directorist-search-top__subtitle\">Find the best match of your interest<\/p>\n\t\t\t\t\n\t\t\t<\/div>\n\n\t\t\n\t\t<form action=\"https:\/\/dongthaptourism.com.vn\/en\/search-result\/\" class=\"directorist-search-form\" data-trp-original-action=\"https:\/\/dongthaptourism.com.vn\/en\/search-result\/\">\n\n\t\t\t<div class=\"directorist-search-form-wrap directorist-with-search-border\">\n\n\t\t\t\t\n\t\t\t\t<input type=\"hidden\" name=\"directory_type\" class=\"listing_type\" value=\"general\">\n\n\t\t\t\t<div class=\"directorist-search-form-box\">\n\n\t\t\t\t\t<div class=\"directorist-search-form-top directorist-flex directorist-align-center directorist-search-form-inline\">\n\n\t\t\t\t\t\t\n<div class=\"directorist-search-field directorist-form-group directorist-search-query\">\n\t<input class=\"directorist-form-element\" type=\"text\" name=\"q\" value=\"\" placeholder=\"Search places...\" >\n<\/div><div class=\"directorist-search-field\">\n\t<div class=\"directorist-select directorist-search-category\">\n\n\t\t<select name=\"in_cat\" id=\"notEmptyId69edf3de7cadc\" class=\"search_fields directorist-category-select\" data-placeholder=\"Lo\u1ea1i \u0111\u1ecba \u0111i\u1ec3m\"  data-issearch=\"true\">\n\t\t\t<option value=\"\">Select Category<\/option><option value=\"93\" >Foods<\/option><option value=\"94\" >Attractions<\/option><option value=\"92\" >Stay<\/option>\t\t<\/select>\n\n\t<\/div>\n<\/div>\n\t<div class=\"directorist-search-field directorist-form-group directorist-icon-left\">\n\t\t<span class=\"directorist-input-icon directorist-filter-location-icon\"><span class=\"la la-crosshairs\"><\/span><\/span>\n\t\t<input type=\"text\" name=\"address\" id=\"addressId\" value=\"\" placeholder=\"Choose coordinates\" autocomplete=\"off\" class=\"directorist-form-element directorist-location-js location-name\" >\n\n\t\t<div class=\"address_result location-names\" style=\"display: none\"><\/div>\n\t\t<input type=\"hidden\" id=\"cityLat\" name=\"cityLat\" value=\"\" \/>\n\t\t<input type=\"hidden\" id=\"cityLng\" name=\"cityLng\" value=\"\" \/>\n\t<\/div>\n\n\t\n<div class=\"directorist-search-form-action\">\n\n\t\n\t\t<div class=\"directorist-search-form-action__filter\">\n\t\t\t<a href=\"#\" class=\"directorist-btn directorist-btn-lg directorist-filter-btn\">\n\n\t\t\t\t\t\t\t\t\t<span class=\"la la-filter\"><\/span>\n\t\t\t\t\n\t\t\t\tMore Filters\t\t\t<\/a>\n\t\t<\/div>\n\n\t\n\t\n\t\t<div class=\"directorist-search-form-action__submit\">\n\t\t\t<button type=\"submit\" class=\"directorist-btn directorist-btn-lg directorist-btn-dark directorist-btn-search\">\n\n\t\t\t\t\t\t\t\t\t<span class=\"la la-search\"><\/span>\n\t\t\t\t\n\t\t\t\tSearch Listing\t\t\t\t\n\t\t\t<\/button>\n\t\t<\/div>\n\n\t\n<\/div>\n\t\t\t\t\t<\/div>\n\n\t\t\t\t\t\t\t\t\t\t\t\t<div class=\"directorist-search-slide\">\n\t\t\t\t\t\t\t\t\n<div class=\"directorist-search-adv-filter directorist-advanced-filter\">\n\n\t\t\t<div class=\"directorist-form-group directorist-advanced-filter__advanced--element direcorist-search-field-pricing\">\n<div class=\"directorist-search-field\"> \n\n\t\n\t<div class=\"directorist-price-ranges\">\n\n\t\t\n\t\t\t<div class=\"directorist-price-ranges__item directorist-form-group\"><input type=\"text\" name=\"price[0]\" class=\"directorist-form-element\" placeholder=\"Min\" value=\"\"><\/div>\n\t\t\t<div class=\"directorist-price-ranges__item directorist-form-group\"><input type=\"text\" name=\"price[1]\" class=\"directorist-form-element\" placeholder=\"Max\" value=\"\"><\/div>\n\t\t\t\n\t\t\n\t\t\n\t\t\t<div class=\"directorist-price-ranges__item directorist-price-ranges__price-frequency\">\n\t\t\t\t<label class=\"directorist-price-ranges__price-frequency--btn\">\n\t\t\t\t\t<input type=\"radio\" name=\"price_range\" value=\"bellow_economy\"><span class=\"directorist-pf-range\">&#36;<\/span>\n\t\t\t\t<\/label>\n\t\t\t\t<label class=\"directorist-price-ranges__price-frequency--btn\">\n\t\t\t\t\t<input type=\"radio\" name=\"price_range\" value=\"economy\"><span class=\"directorist-pf-range\">&#36;&#36;<\/span>\n\t\t\t\t<\/label>\n\t\t\t\t<label class=\"directorist-price-ranges__price-frequency--btn\">\n\t\t\t\t\t<input type=\"radio\" name=\"price_range\" value=\"moderate\"><span class=\"directorist-pf-range\">&#36;&#36;&#36;<\/span>\n\t\t\t\t<\/label>\n\t\t\t\t<label class=\"directorist-price-ranges__price-frequency--btn\">\n\t\t\t\t\t<input type=\"radio\" name=\"price_range\" value=\"skimming\"><span class=\"directorist-pf-range\">&#36;&#36;&#36;&#36;<\/span>\n\t\t\t\t<\/label>\n\t\t\t<\/div>\n\n\t\t\n\t<\/div>\n\n<\/div><\/div>\n\t\t\t<div class=\"directorist-form-group directorist-advanced-filter__advanced--element direcorist-search-field-review\">\n<div class=\"directorist-search-field\">\n\t\t\t<label>Reviews<\/label>\n\t\t<div class=\"directorist-select\">\n\t\t<select name='search_by_rating'  data-placeholder=\"Select \u0110\u00e1nh gi\u00e1 \" data-issearch=\"true\">\n\t\t\t<option value=\"\" >Select Ratings<\/option><option value=\"5\" >5 Star<\/option><option value=\"4\" >4 Star & Up<\/option><option value=\"3\" >3 Star & Up<\/option><option value=\"2\" >2 Star & Up<\/option><option value=\"1\" >1 Star & Up<\/option>\t\t<\/select>\n\t<\/div>\n<\/div><\/div>\n\t\t\t<div class=\"directorist-form-group directorist-advanced-filter__advanced--element direcorist-search-field-radius_search\">\n<div class=\"directorist-search-field\">\n\n\t\t\t<label>Search by radius<\/label>\n\t\n\t<div class=\"directorist-range-slider-wrap\">\n\t\t<div class=\"atbdp-range-slider\"><\/div>\n\t\t<p class=\"atbd-current-value\"><\/p>\n\t\t<input type=\"hidden\" class=\"atbdrs-value\" name=\"miles\" value=\"0\" \/>\n\t<\/div>\n\n<\/div><\/div>\n\t\t\t<div class=\"directorist-form-group directorist-advanced-filter__advanced--element direcorist-search-field-tag\"><\/div>\n\t\n\t\n<div class=\"directorist-advanced-filter__action directorist-flex directorist-justify-content-end\">\n\n\t\t\t<a href=\"#\" class=\"directorist-btn directorist-btn-sm directorist-btn-outline-dark directorist-btn-reset-js\">Reset Filters<\/a>\n\t\n\t\t\t<button type=\"submit\" class=\"directorist-btn directorist-btn-sm directorist-btn-dark\">Apply Filters<\/button>\n\t\n<\/div>\n<\/div>\t\t\t\t\t\t\t<\/div>\n\t\t\t\t\t\t\t\n\t\t\t\t<\/div>\n\n\t\t\t<\/div>\n\n\t\t<input type=\"hidden\" name=\"trp-form-language\" value=\"en\"\/><\/form>\n\n\t\t\n\t\t\n\t<\/div>\n\n<\/div>","protected":false},"excerpt":{"rendered":"","protected":false},"author":1,"featured_media":0,"parent":0,"menu_order":0,"comment_status":"closed","ping_status":"closed","template":"","meta":[],"_links":{"self":[{"href":"https:\/\/dongthaptourism.com.vn\/en\/wp-json\/wp\/v2\/pages\/16515"}],"collection":[{"href":"https:\/\/dongthaptourism.com.vn\/en\/wp-json\/wp\/v2\/pages"}],"about":[{"href":"https:\/\/dongthaptourism.com.vn\/en\/wp-json\/wp\/v2\/types\/page"}],"author":[{"embeddable":true,"href":"https:\/\/dongthaptourism.com.vn\/en\/wp-json\/wp\/v2\/users\/1"}],"replies":[{"embeddable":true,"href":"https:\/\/dongthaptourism.com.vn\/en\/wp-json\/wp\/v2\/comments?post=16515"}],"version-history":[{"count":0,"href":"https:\/\/dongthaptourism.com.vn\/en\/wp-json\/wp\/v2\/pages\/16515\/revisions"}],"wp:attachment":[{"href":"https:\/\/dongthaptourism.com.vn\/en\/wp-json\/wp\/v2\/media?parent=16515"}],"curies":[{"name":"wp","href":"https:\/\/api.w.org\/{rel}","templated":true}]}}