{"id":16787,"date":"2021-12-17T05:59:11","date_gmt":"2021-12-17T05:59:11","guid":{"rendered":"https:\/\/www.dongthaptourism.com.vn\/?page_id=16787"},"modified":"2021-12-18T07:41:00","modified_gmt":"2021-12-18T07:41:00","slug":"tin-tuc","status":"publish","type":"page","link":"https:\/\/dongthaptourism.com.vn\/en\/tin-tuc\/","title":{"rendered":"News"},"content":{"rendered":"<section class=\"section dt-homepage-banner\" id=\"section_1404647492\">\n\t\t<div class=\"bg section-bg fill bg-fill\" >\n\n\t\t\t\n\t\t\t\n\t\t\t\n\n\t\t<\/div><!-- .section-bg -->\n\n\t\t<div class=\"section-content relative\">\n\t\t\t\n\n\t<div id=\"gap-1381887382\" class=\"gap-element clearfix\" style=\"display:block; height:auto;\">\n\t\t\n<style scope=\"scope\">\n\n#gap-1381887382 {\n  padding-top: 120px;\n}\n<\/style>\n\t<\/div>\n\t\n\n<div class=\"row\"  id=\"row-562249730\">\n\n<div class=\"col small-12 large-12\"  ><div class=\"col-inner\"  >\n\n<h1 style=\"text-align: center;\"><span style=\"font-size: 200%; color: #ffffff;\"><strong>EXPLORING DONG THAP<\/strong><\/span><\/h1>\n<p style=\"text-align: center;\"><strong><span style=\"color: #ffffff;\">Exploring the culture, cuisine and people of Dong Thap is an exciting journey for every visitor. On the way to discover Dong Thap are historical sites, festivals, famous dishes on the tourist map of Vietnam.<\/span><\/strong><\/p>\n\n<\/div><\/div>\n\n<\/div>\n\t<div id=\"gap-1232482048\" class=\"gap-element clearfix\" style=\"display:block; height:auto;\">\n\t\t\n<style scope=\"scope\">\n\n#gap-1232482048 {\n  padding-top: 50px;\n}\n<\/style>\n\t<\/div>\n\t\n\n\t<div class=\"img has-hover dt-homepage-banner--bottom x md-x lg-x y md-y lg-y\" id=\"image_562376151\">\n\t\t\t\t\t\t\t\t<div class=\"img-inner dark\" >\n\t\t\t<img width=\"1020\" height=\"209\" src=\"https:\/\/dongthaptourism.com.vn\/wp-content\/uploads\/2021\/12\/banner_bottom-1400x287.png\" class=\"attachment-large size-large\" alt=\"\" loading=\"lazy\" srcset=\"https:\/\/dongthaptourism.com.vn\/wp-content\/uploads\/2021\/12\/banner_bottom-1400x287.png 1400w, https:\/\/dongthaptourism.com.vn\/wp-content\/uploads\/2021\/12\/banner_bottom-600x123.png 600w, https:\/\/dongthaptourism.com.vn\/wp-content\/uploads\/2021\/12\/banner_bottom-800x164.png 800w, https:\/\/dongthaptourism.com.vn\/wp-content\/uploads\/2021\/12\/banner_bottom-768x157.png 768w, https:\/\/dongthaptourism.com.vn\/wp-content\/uploads\/2021\/12\/banner_bottom-1536x315.png 1536w, https:\/\/dongthaptourism.com.vn\/wp-content\/uploads\/2021\/12\/banner_bottom-2048x420.png 2048w\" sizes=\"(max-width: 1020px) 100vw, 1020px\" \/>\t\t\t\t\t\t\n\t\t\t\t\t<\/div>\n\t\t\t\t\t\t\t\t\n<style scope=\"scope\">\n\n#image_562376151 {\n  width: 100%;\n}\n<\/style>\n\t<\/div>\n\t\n\n\n\t\t<\/div><!-- .section-content -->\n\n\t\t\n<style scope=\"scope\">\n\n#section_1404647492 {\n  padding-top: 0px;\n  padding-bottom: 0px;\n}\n#section_1404647492 .section-bg.bg-loaded {\n  background-image: url(https:\/\/dongthaptourism.com.vn\/wp-content\/uploads\/2021\/12\/banner.png);\n}\n#section_1404647492 .section-bg {\n  background-position: 51% 39%;\n}\n<\/style>\n\t<\/section>\n\t\n\t<div id=\"gap-206963857\" class=\"gap-element clearfix\" style=\"display:block; height:auto;\">\n\t\t\n<style scope=\"scope\">\n\n#gap-206963857 {\n  padding-top: 60px;\n}\n<\/style>\n\t<\/div>\n\t\n\n<div class=\"container section-title-container\" ><h1 class=\"section-title section-title-center\"><b><\/b><span class=\"section-title-main\" >News<\/span><b><\/b><\/h1><\/div><!-- .section-title -->\n\n\t<section class=\"section\" id=\"section_2093735469\">\n\t\t<div class=\"bg section-bg fill bg-fill  bg-loaded\" >\n\n\t\t\t\n\t\t\t\n\t\t\t\n\n\t\t<\/div><!-- .section-bg -->\n\n\t\t<div class=\"section-content relative\">\n\t\t\t\n\n<div class=\"row\"><div class=\"col medium-6 small-12 large-6\"><a href=\"https:\/\/dongthaptourism.com.vn\/en\/thoi-bao-anh-du-lich-viet-nam-dang-bung-no-la-diem-den-ly-tuong-voi-muc-gia-canh-tranh\/\"><div class=\"post-list--item\"><img class=\"post-list--item-img\" src=\"https:\/\/dongthaptourism.com.vn\/wp-content\/uploads\/2023\/09\/hoian1.jpg\" alt=\"thoi-bao-anh-du-lich-viet-nam-dang-bung-no-la-diem-den-ly-tuong-voi-muc-gia-canh-tranh\" \/><div class=\"post-list--item-content\"><div class=\"post-list--item-title\">Th\u1eddi b\u00e1o Anh: Du l\u1ecbch Vi\u1ec7t Nam \u0111ang b\u00f9ng n\u1ed5, l\u00e0 \u0111i\u1ec3m \u0111\u1ebfn l\u00fd t\u01b0\u1edfng v\u1edbi m\u1ee9c gi\u00e1 c\u1ea1nh tranh<\/div><div class=\"post-list--date\">2023-09-29 14:40:21<\/div><\/div><\/div><\/a><\/div><div class=\"col medium-6 small-12 large-6\"><a href=\"https:\/\/dongthaptourism.com.vn\/en\/du-kien-ke-hoach-xuc-tien-quang-ba-du-lich-nam-2024\/\"><div class=\"post-list--item\"><img class=\"post-list--item-img\" src=\"https:\/\/dongthaptourism.com.vn\/wp-content\/uploads\/2023\/09\/LogoTimelesscharm.jpg\" alt=\"du-kien-ke-hoach-xuc-tien-quang-ba-du-lich-nam-2024\" \/><div class=\"post-list--item-content\"><div class=\"post-list--item-title\">D\u1ef1 ki\u1ebfn K\u1ebf ho\u1ea1ch x\u00fac ti\u1ebfn, qu\u1ea3ng b\u00e1 du l\u1ecbch n\u0103m 2024<\/div><div class=\"post-list--date\">2023-09-20 16:28:02<\/div><\/div><\/div><\/a><\/div><div class=\"col medium-6 small-12 large-6\"><a href=\"https:\/\/dongthaptourism.com.vn\/en\/viet-nam-va-busan-han-quoc-tang-cuong-hop-tac-thuc-day-trao-doi-khach-du-lich\/\"><div class=\"post-list--item\"><img class=\"post-list--item-img\" src=\"https:\/\/dongthaptourism.com.vn\/wp-content\/uploads\/2023\/09\/3.3.jpg\" alt=\"viet-nam-va-busan-han-quoc-tang-cuong-hop-tac-thuc-day-trao-doi-khach-du-lich\" \/><div class=\"post-list--item-content\"><div class=\"post-list--item-title\">Vi\u1ec7t Nam v\u00e0 Busan (H\u00e0n Qu\u1ed1c) t\u0103ng c\u01b0\u1eddng h\u1ee3p t\u00e1c, th\u00fac \u0111\u1ea9y trao \u0111\u1ed5i kh\u00e1ch du l\u1ecbch<\/div><div class=\"post-list--date\">2023-09-15 14:58:27<\/div><\/div><\/div><\/a><\/div><div class=\"col medium-6 small-12 large-6\"><a href=\"https:\/\/dongthaptourism.com.vn\/en\/phat-dong-chien-dich-quang-ba-dac-san-xu-so-sen-hong-cac-san-pham-ocop-ket-hop-voi-du-lich-tren-nen-tang-so\/\"><div class=\"post-list--item\"><img class=\"post-list--item-img\" src=\"https:\/\/dongthaptourism.com.vn\/wp-content\/uploads\/2023\/09\/pd-1.jpg\" alt=\"phat-dong-chien-dich-quang-ba-dac-san-xu-so-sen-hong-cac-san-pham-ocop-ket-hop-voi-du-lich-tren-nen-tang-so\" \/><div class=\"post-list--item-content\"><div class=\"post-list--item-title\">Ph\u00e1t \u0111\u1ed9ng chi\u1ebfn d\u1ecbch qu\u1ea3ng b\u00e1 \u0111\u1eb7c s\u1ea3n \u201cX\u1ee9 s\u1edf Sen H\u1ed3ng\u201d, c\u00e1c s\u1ea3n ph\u1ea9m OCOP k\u1ebft h\u1ee3p v\u1edbi du l\u1ecbch tr\u00ean n\u1ec1n t\u1ea3ng s\u1ed1<\/div><div class=\"post-list--date\">2023-09-11 10:03:16<\/div><\/div><\/div><\/a><\/div><div class=\"col medium-6 small-12 large-6\"><a href=\"https:\/\/dongthaptourism.com.vn\/en\/viet-nam-da-don-78-trieu-luot-khach-quoc-te-dat-98-ke-hoach-ca-nam\/\"><div class=\"post-list--item\"><img class=\"post-list--item-img\" src=\"https:\/\/dongthaptourism.com.vn\/wp-content\/uploads\/2023\/08\/642-ben_tre-det_chieu_thu_cong.jpg\" alt=\"viet-nam-da-don-78-trieu-luot-khach-quoc-te-dat-98-ke-hoach-ca-nam\" \/><div class=\"post-list--item-content\"><div class=\"post-list--item-title\">Vi\u1ec7t Nam \u0111\u00e3 \u0111\u00f3n 7,8 tri\u1ec7u l\u01b0\u1ee3t kh\u00e1ch qu\u1ed1c t\u1ebf, \u0111\u1ea1t 98% k\u1ebf ho\u1ea1ch c\u1ea3 n\u0103m<\/div><div class=\"post-list--date\">2023-08-30 09:23:35<\/div><\/div><\/div><\/a><\/div><div class=\"col medium-6 small-12 large-6\"><a href=\"https:\/\/dongthaptourism.com.vn\/en\/infographic-festival-hoa-kieng-sa-dec-lan-thu-i-nam-2023\/\"><div class=\"post-list--item\"><img class=\"post-list--item-img\" src=\"https:\/\/dongthaptourism.com.vn\/wp-content\/uploads\/2023\/08\/ZHOA1.1.jpg\" alt=\"infographic-festival-hoa-kieng-sa-dec-lan-thu-i-nam-2023\" \/><div class=\"post-list--item-content\"><div class=\"post-list--item-title\">[Infographic] Festival Hoa - Ki\u1ec3ng Sa \u0110\u00e9c l\u1ea7n th\u1ee9 I n\u0103m 2023<\/div><div class=\"post-list--date\">2023-08-24 16:17:00<\/div><\/div><\/div><\/a><\/div><div class=\"col medium-6 small-12 large-6\"><a href=\"https:\/\/dongthaptourism.com.vn\/en\/tap-doan-brg-mong-muon-se-co-nhieu-co-hoi-hop-tac-voi-nganh-du-lich-viet-nam\/\"><div class=\"post-list--item\"><img class=\"post-list--item-img\" src=\"https:\/\/dongthaptourism.com.vn\/wp-content\/uploads\/2023\/08\/03.jpg\" alt=\"tap-doan-brg-mong-muon-se-co-nhieu-co-hoi-hop-tac-voi-nganh-du-lich-viet-nam\" \/><div class=\"post-list--item-content\"><div class=\"post-list--item-title\">T\u1eadp \u0111o\u00e0n BRG mong mu\u1ed1n s\u1ebd c\u00f3 nhi\u1ec1u c\u01a1 h\u1ed9i h\u1ee3p t\u00e1c v\u1edbi ng\u00e0nh du l\u1ecbch Vi\u1ec7t Nam<\/div><div class=\"post-list--date\">2023-08-16 16:19:19<\/div><\/div><\/div><\/a><\/div><div class=\"col medium-6 small-12 large-6\"><a href=\"https:\/\/dongthaptourism.com.vn\/en\/dong-thap-them-02-diem-du-lich-nong-nghiep-du-lich-cong-dong\/\"><div class=\"post-list--item\"><img class=\"post-list--item-img\" src=\"https:\/\/dongthaptourism.com.vn\/wp-content\/uploads\/2023\/08\/02.jpg\" alt=\"dong-thap-them-02-diem-du-lich-nong-nghiep-du-lich-cong-dong\" \/><div class=\"post-list--item-content\"><div class=\"post-list--item-title\">\u0110\u1ed3ng Th\u00e1p th\u00eam 02 \u0111i\u1ec3m du l\u1ecbch n\u00f4ng nghi\u1ec7p, du l\u1ecbch c\u1ed9ng \u0111\u1ed3ng<\/div><div class=\"post-list--date\">2023-08-08 15:52:00<\/div><\/div><\/div><\/a><\/div><div class=\"col medium-6 small-12 large-6\"><a href=\"https:\/\/dongthaptourism.com.vn\/en\/bo-vhttdl-ban-hanh-de-an-mot-so-mo-hinh-phat-trien-san-pham-du-lich-dem\/\"><div class=\"post-list--item\"><img class=\"post-list--item-img\" src=\"https:\/\/dongthaptourism.com.vn\/wp-content\/uploads\/2023\/07\/grand-world-phu-quoc-2.jpg\" alt=\"bo-vhttdl-ban-hanh-de-an-mot-so-mo-hinh-phat-trien-san-pham-du-lich-dem\" \/><div class=\"post-list--item-content\"><div class=\"post-list--item-title\">B\u1ed9 VHTTDL ban h\u00e0nh \u0110\u1ec1 \u00e1n m\u1ed9t s\u1ed1 m\u00f4 h\u00ecnh ph\u00e1t tri\u1ec3n s\u1ea3n ph\u1ea9m du l\u1ecbch \u0111\u00eam<\/div><div class=\"post-list--date\">2023-07-18 11:40:44<\/div><\/div><\/div><\/a><\/div><div class=\"col medium-6 small-12 large-6\"><a href=\"https:\/\/dongthaptourism.com.vn\/en\/chinh-sach-visa-coi-mo-co-hoi-cho-du-lich-viet-nam-bai-1-thao-diem-nghen-cot-loi\/\"><div class=\"post-list--item\"><img class=\"post-list--item-img\" src=\"https:\/\/dongthaptourism.com.vn\/wp-content\/uploads\/2023\/07\/dl1.jpg\" alt=\"chinh-sach-visa-coi-mo-co-hoi-cho-du-lich-viet-nam-bai-1-thao-diem-nghen-cot-loi\" \/><div class=\"post-list--item-content\"><div class=\"post-list--item-title\">Ch\u00ednh s\u00e1ch visa c\u1edfi m\u1edf- c\u01a1 h\u1ed9i cho du l\u1ecbch Vi\u1ec7t Nam (B\u00e0i 1): Th\u00e1o \"\u0111i\u1ec3m ngh\u1ebdn\" c\u1ed1t l\u00f5i<\/div><div class=\"post-list--date\">2023-07-18 11:36:58<\/div><\/div><\/div><\/a><\/div><div class=\"col medium-6 small-12 large-6\"><a href=\"https:\/\/dongthaptourism.com.vn\/en\/le-hoi-xoai-dong-thap-thu-hut-khoang-150-ngan-luot-nguoi-den-tham-quan\/\"><div class=\"post-list--item\"><img class=\"post-list--item-img\" src=\"https:\/\/dongthaptourism.com.vn\/wp-content\/uploads\/2023\/05\/IMG_5652.jpg\" alt=\"le-hoi-xoai-dong-thap-thu-hut-khoang-150-ngan-luot-nguoi-den-tham-quan\" \/><div class=\"post-list--item-content\"><div class=\"post-list--item-title\">L\u1ec5 h\u1ed9i Xo\u00e0i \u0110\u1ed3ng Th\u00e1p thu h\u00fat kho\u1ea3ng 150 ng\u00e0n l\u01b0\u1ee3t ng\u01b0\u1eddi \u0111\u1ebfn tham quan<\/div><div class=\"post-list--date\">2023-05-05 10:10:10<\/div><\/div><\/div><\/a><\/div><div class=\"col medium-6 small-12 large-6\"><a href=\"https:\/\/dongthaptourism.com.vn\/en\/tren-312-000-luot-khach-den-dong-thap-trong-05-ngay-nghi-le\/\"><div class=\"post-list--item\"><img class=\"post-list--item-img\" src=\"https:\/\/dongthaptourism.com.vn\/wp-content\/uploads\/2023\/05\/tamcon.jpg\" alt=\"tren-312-000-luot-khach-den-dong-thap-trong-05-ngay-nghi-le\" \/><div class=\"post-list--item-content\"><div class=\"post-list--item-title\">Tr\u00ean 312.000 l\u01b0\u1ee3t kh\u00e1ch \u0111\u1ebfn \u0110\u1ed3ng Th\u00e1p trong 05 ng\u00e0y ngh\u1ec9 l\u1ec5<\/div><div class=\"post-list--date\">2023-05-05 09:55:07<\/div><\/div><\/div><\/a><\/div><div class=\"col medium-6 small-12 large-6\"><a href=\"https:\/\/dongthaptourism.com.vn\/en\/phat-trien-du-lich-nong-nghiep-cot-loi-la-tinh-chuyen-nhan-va-kien\/\"><div class=\"post-list--item\"><img class=\"post-list--item-img\" src=\"https:\/\/dongthaptourism.com.vn\/wp-content\/uploads\/2023\/05\/1.jpg\" alt=\"phat-trien-du-lich-nong-nghiep-cot-loi-la-tinh-chuyen-nhan-va-kien\" \/><div class=\"post-list--item-content\"><div class=\"post-list--item-title\">Ph\u00e1t tri\u1ec3n du l\u1ecbch n\u00f4ng nghi\u1ec7p: c\u1ed1t l\u00f5i l\u00e0 \u2018tinh, chuy\u00ean, nh\u00e2n v\u00e0 ki\u00ean\u2019<\/div><div class=\"post-list--date\">2023-05-05 09:36:39<\/div><\/div><\/div><\/a><\/div><div class=\"col medium-6 small-12 large-6\"><a href=\"https:\/\/dongthaptourism.com.vn\/en\/van-nguoi-me-voi-nghe-thuat-am-thuc-sen-dong-thap\/\"><div class=\"post-list--item\"><img class=\"post-list--item-img\" src=\"https:\/\/dongthaptourism.com.vn\/wp-content\/uploads\/2023\/04\/11.jpg\" alt=\"van-nguoi-me-voi-nghe-thuat-am-thuc-sen-dong-thap\" \/><div class=\"post-list--item-content\"><div class=\"post-list--item-title\">\u201cV\u1ea1n ng\u01b0\u1eddi m\u00ea\u201d v\u1edbi ngh\u1ec7 thu\u1eadt \u1ea9m th\u1ef1c Sen \u0110\u1ed3ng Th\u00e1p<\/div><div class=\"post-list--date\">2023-04-21 09:45:49<\/div><\/div><\/div><\/a><\/div><div class=\"col medium-6 small-12 large-6\"><a href=\"https:\/\/dongthaptourism.com.vn\/en\/ra-mat-tai-lieu-thong-tin-du-lich-thang-3-2023-thang-dien-ra-nhieu-su-kien-quan-trong-cua-nganh-du-lich\/\"><div class=\"post-list--item\"><img class=\"post-list--item-img\" src=\"https:\/\/dongthaptourism.com.vn\/wp-content\/uploads\/2023\/04\/biabantint3-1400x762.jpg\" alt=\"ra-mat-tai-lieu-thong-tin-du-lich-thang-3-2023-thang-dien-ra-nhieu-su-kien-quan-trong-cua-nganh-du-lich\" \/><div class=\"post-list--item-content\"><div class=\"post-list--item-title\">Ra m\u1eaft t\u00e0i li\u1ec7u Th\u00f4ng tin du l\u1ecbch th\u00e1ng 3\/2023 - th\u00e1ng di\u1ec5n ra nhi\u1ec1u s\u1ef1 ki\u1ec7n quan tr\u1ecdng c\u1ee7a ng\u00e0nh du l\u1ecbch<\/div><div class=\"post-list--date\">2023-03-31 10:32:00<\/div><\/div><\/div><\/a><\/div><div class=\"col medium-6 small-12 large-6\"><a href=\"https:\/\/dongthaptourism.com.vn\/en\/hap-dan-o-dong-thap-du-lich-trai-nghiem\/\"><div class=\"post-list--item\"><img class=\"post-list--item-img\" src=\"https:\/\/dongthaptourism.com.vn\/wp-content\/uploads\/2023\/03\/anh1-754x800.jpg\" alt=\"hap-dan-o-dong-thap-du-lich-trai-nghiem\" \/><div class=\"post-list--item-content\"><div class=\"post-list--item-title\">H\u1ea5p d\u1eabn \u1edf \u0110\u1ed3ng Th\u00e1p du l\u1ecbch tr\u00e3i nghi\u1ec7m<\/div><div class=\"post-list--date\">2023-03-29 12:37:39<\/div><\/div><\/div><\/a><\/div><div class=\"col medium-6 small-12 large-6\"><a href=\"https:\/\/dongthaptourism.com.vn\/en\/ra-mat-tai-lieu-thong-tin-du-lich-thang-2-2023\/\"><div class=\"post-list--item\"><img class=\"post-list--item-img\" src=\"https:\/\/dongthaptourism.com.vn\/wp-content\/uploads\/2023\/03\/bia_btdl_thg2.2023.jpg\" alt=\"ra-mat-tai-lieu-thong-tin-du-lich-thang-2-2023\" \/><div class=\"post-list--item-content\"><div class=\"post-list--item-title\">Ra m\u1eaft t\u00e0i li\u1ec7u Th\u00f4ng tin du l\u1ecbch th\u00e1ng 2\/2023<\/div><div class=\"post-list--date\">2023-03-03 11:08:15<\/div><\/div><\/div><\/a><\/div><div class=\"col medium-6 small-12 large-6\"><a href=\"https:\/\/dongthaptourism.com.vn\/en\/nhieu-co-hoi-cho-xuat-khau-nong-san-tai-hortex-vietnam-2023\/\"><div class=\"post-list--item\"><img class=\"post-list--item-img\" src=\"https:\/\/dongthaptourism.com.vn\/wp-content\/uploads\/2023\/03\/4-1251x800.png\" alt=\"nhieu-co-hoi-cho-xuat-khau-nong-san-tai-hortex-vietnam-2023\" \/><div class=\"post-list--item-content\"><div class=\"post-list--item-title\">Nhi\u1ec1u c\u01a1 h\u1ed9i cho xu\u1ea5t kh\u1ea9u n\u00f4ng s\u1ea3n t\u1ea1i HortEx Vietnam 2023<\/div><div class=\"post-list--date\">2023-03-02 16:51:39<\/div><\/div><\/div><\/a><\/div><div class=\"col medium-6 small-12 large-6\"><a href=\"https:\/\/dongthaptourism.com.vn\/en\/dong-thap-xay-dung-lang-van-hoa-du-lich-sen-thap-muoi\/\"><div class=\"post-list--item\"><img class=\"post-list--item-img\" src=\"https:\/\/dongthaptourism.com.vn\/wp-content\/uploads\/2023\/02\/1.jpeg\" alt=\"dong-thap-xay-dung-lang-van-hoa-du-lich-sen-thap-muoi\" \/><div class=\"post-list--item-content\"><div class=\"post-list--item-title\">\u0110\u1ed3ng Th\u00e1p x\u00e2y d\u1ef1ng L\u00e0ng V\u0103n h\u00f3a du l\u1ecbch Sen Th\u00e1p M\u01b0\u1eddi<\/div><div class=\"post-list--date\">2023-02-23 15:53:44<\/div><\/div><\/div><\/a><\/div><div class=\"col medium-6 small-12 large-6\"><a href=\"https:\/\/dongthaptourism.com.vn\/en\/dong-thap-cac-khu-diem-du-lich-hap-dan-khach-du-xuan\/\"><div class=\"post-list--item\"><img class=\"post-list--item-img\" src=\"https:\/\/dongthaptourism.com.vn\/wp-content\/uploads\/2023\/02\/1.jpg\" alt=\"dong-thap-cac-khu-diem-du-lich-hap-dan-khach-du-xuan\" \/><div class=\"post-list--item-content\"><div class=\"post-list--item-title\">\u0110\u1ed3ng Th\u00e1p: C\u00e1c khu \u0111i\u1ec3m du l\u1ecbch h\u1ea5p d\u1eabn kh\u00e1ch du xu\u00e2n<\/div><div class=\"post-list--date\">2023-02-01 13:33:28<\/div><\/div><\/div><\/a><\/div><\/div>\n<ul class=\"page-numbers nav-pagination links text-center\"><li><span aria-current=\"page\" class=\"page-number current\">1<\/span><\/li><li><a class=\"page-number\" href=\"https:\/\/dongthaptourism.com.vn\/en\/wp-json\/wp\/v2\/pages\/16787\/page\/2\/\">2<\/a><\/li><li><a class=\"page-number\" href=\"https:\/\/dongthaptourism.com.vn\/en\/wp-json\/wp\/v2\/pages\/16787\/page\/3\/\">3<\/a><\/li><li><span class=\"page-number dots\">\u2026<\/span><\/li><li><a class=\"page-number\" href=\"https:\/\/dongthaptourism.com.vn\/en\/wp-json\/wp\/v2\/pages\/16787\/page\/37\/\">37<\/a><\/li><\/ul>\n\n\t\t<\/div><!-- .section-content -->\n\n\t\t\n<style scope=\"scope\">\n\n#section_2093735469 {\n  padding-top: 30px;\n  padding-bottom: 30px;\n}\n<\/style>\n\t<\/section>","protected":false},"excerpt":{"rendered":"","protected":false},"author":1,"featured_media":0,"parent":0,"menu_order":0,"comment_status":"closed","ping_status":"closed","template":"page-blank.php","meta":[],"_links":{"self":[{"href":"https:\/\/dongthaptourism.com.vn\/en\/wp-json\/wp\/v2\/pages\/16787"}],"collection":[{"href":"https:\/\/dongthaptourism.com.vn\/en\/wp-json\/wp\/v2\/pages"}],"about":[{"href":"https:\/\/dongthaptourism.com.vn\/en\/wp-json\/wp\/v2\/types\/page"}],"author":[{"embeddable":true,"href":"https:\/\/dongthaptourism.com.vn\/en\/wp-json\/wp\/v2\/users\/1"}],"replies":[{"embeddable":true,"href":"https:\/\/dongthaptourism.com.vn\/en\/wp-json\/wp\/v2\/comments?post=16787"}],"version-history":[{"count":16,"href":"https:\/\/dongthaptourism.com.vn\/en\/wp-json\/wp\/v2\/pages\/16787\/revisions"}],"predecessor-version":[{"id":16819,"href":"https:\/\/dongthaptourism.com.vn\/en\/wp-json\/wp\/v2\/pages\/16787\/revisions\/16819"}],"wp:attachment":[{"href":"https:\/\/dongthaptourism.com.vn\/en\/wp-json\/wp\/v2\/media?parent=16787"}],"curies":[{"name":"wp","href":"https:\/\/api.w.org\/{rel}","templated":true}]}}