{"id":16815,"date":"2021-12-18T07:33:22","date_gmt":"2021-12-18T07:33:22","guid":{"rendered":"https:\/\/www.dongthaptourism.com.vn\/?page_id=16815"},"modified":"2021-12-18T07:51:49","modified_gmt":"2021-12-18T07:51:49","slug":"su-kien-noi-bat","status":"publish","type":"page","link":"https:\/\/dongthaptourism.com.vn\/en\/su-kien-noi-bat\/","title":{"rendered":"S\u1ef1 ki\u1ec7n n\u1ed5i b\u1eadt"},"content":{"rendered":"<section class=\"section dt-homepage-banner\" id=\"section_720424885\">\n\t\t<div class=\"bg section-bg fill bg-fill\" >\n\n\t\t\t\n\t\t\t\n\t\t\t\n\n\t\t<\/div><!-- .section-bg -->\n\n\t\t<div class=\"section-content relative\">\n\t\t\t\n\n\t<div id=\"gap-542859662\" class=\"gap-element clearfix\" style=\"display:block; height:auto;\">\n\t\t\n<style scope=\"scope\">\n\n#gap-542859662 {\n  padding-top: 120px;\n}\n<\/style>\n\t<\/div>\n\t\n\n<div class=\"row\"  id=\"row-1118969295\">\n\n<div class=\"col small-12 large-12\"  ><div class=\"col-inner\"  >\n\n<h1 style=\"text-align: center;\"><span style=\"font-size: 200%; color: #ffffff;\"><strong>EXPLORING DONG THAP<\/strong><\/span><\/h1>\n<p style=\"text-align: center;\"><strong><span style=\"color: #ffffff;\">Exploring the culture, cuisine and people of Dong Thap is an exciting journey for every visitor. On the way to discover Dong Thap are historical sites, festivals, famous dishes on the tourist map of Vietnam.<\/span><\/strong><\/p>\n\n<\/div><\/div>\n\n<\/div>\n\t<div id=\"gap-770727235\" class=\"gap-element clearfix\" style=\"display:block; height:auto;\">\n\t\t\n<style scope=\"scope\">\n\n#gap-770727235 {\n  padding-top: 50px;\n}\n<\/style>\n\t<\/div>\n\t\n\n\t<div class=\"img has-hover dt-homepage-banner--bottom x md-x lg-x y md-y lg-y\" id=\"image_1493787750\">\n\t\t\t\t\t\t\t\t<div class=\"img-inner dark\" >\n\t\t\t<img width=\"1020\" height=\"209\" src=\"https:\/\/dongthaptourism.com.vn\/wp-content\/uploads\/2021\/12\/banner_bottom-1400x287.png\" class=\"attachment-large size-large\" alt=\"\" loading=\"lazy\" srcset=\"https:\/\/dongthaptourism.com.vn\/wp-content\/uploads\/2021\/12\/banner_bottom-1400x287.png 1400w, https:\/\/dongthaptourism.com.vn\/wp-content\/uploads\/2021\/12\/banner_bottom-600x123.png 600w, https:\/\/dongthaptourism.com.vn\/wp-content\/uploads\/2021\/12\/banner_bottom-800x164.png 800w, https:\/\/dongthaptourism.com.vn\/wp-content\/uploads\/2021\/12\/banner_bottom-768x157.png 768w, https:\/\/dongthaptourism.com.vn\/wp-content\/uploads\/2021\/12\/banner_bottom-1536x315.png 1536w, https:\/\/dongthaptourism.com.vn\/wp-content\/uploads\/2021\/12\/banner_bottom-2048x420.png 2048w\" sizes=\"(max-width: 1020px) 100vw, 1020px\" \/>\t\t\t\t\t\t\n\t\t\t\t\t<\/div>\n\t\t\t\t\t\t\t\t\n<style scope=\"scope\">\n\n#image_1493787750 {\n  width: 100%;\n}\n<\/style>\n\t<\/div>\n\t\n\n\n\t\t<\/div><!-- .section-content -->\n\n\t\t\n<style scope=\"scope\">\n\n#section_720424885 {\n  padding-top: 0px;\n  padding-bottom: 0px;\n}\n#section_720424885 .section-bg.bg-loaded {\n  background-image: url(https:\/\/dongthaptourism.com.vn\/wp-content\/uploads\/2021\/12\/banner.png);\n}\n#section_720424885 .section-bg {\n  background-position: 51% 39%;\n}\n<\/style>\n\t<\/section>\n\t\n\t<div id=\"gap-1715878533\" class=\"gap-element clearfix\" style=\"display:block; height:auto;\">\n\t\t\n<style scope=\"scope\">\n\n#gap-1715878533 {\n  padding-top: 60px;\n}\n<\/style>\n\t<\/div>\n\t\n\n<div class=\"container section-title-container\" ><h1 class=\"section-title section-title-center\"><b><\/b><span class=\"section-title-main\" >S\u1ef1 ki\u1ec7n n\u1ed5i b\u1eadt<\/span><b><\/b><\/h1><\/div><!-- .section-title -->\n\n\t<section class=\"section\" id=\"section_1686358760\">\n\t\t<div class=\"bg section-bg fill bg-fill  bg-loaded\" >\n\n\t\t\t\n\t\t\t\n\t\t\t\n\n\t\t<\/div><!-- .section-bg -->\n\n\t\t<div class=\"section-content relative\">\n\t\t\t\n\n<div class=\"row\"><div class=\"col medium-6 small-12 large-6\"><a href=\"https:\/\/dongthaptourism.com.vn\/en\/dong-thap-hop-tac-voi-tiktok-quang-ba-du-lich-va-san-pham-ocop\/\"><div class=\"post-list--item\"><img class=\"post-list--item-img\" src=\"https:\/\/dongthaptourism.com.vn\/wp-content\/uploads\/2023\/09\/Untitled.jpg\" alt=\"dong-thap-hop-tac-voi-tiktok-quang-ba-du-lich-va-san-pham-ocop\" \/><div class=\"post-list--item-content\"><div class=\"post-list--item-title\">\u0110\u1ed3ng Th\u00e1p h\u1ee3p t\u00e1c v\u1edbi TikTok qu\u1ea3ng b\u00e1 du l\u1ecbch v\u00e0 s\u1ea3n ph\u1ea9m OCOP<\/div><div class=\"post-list--date\">2023-09-11 10:07:50<\/div><\/div><\/div><\/a><\/div><div class=\"col medium-6 small-12 large-6\"><a href=\"https:\/\/dongthaptourism.com.vn\/en\/gioi-thieu-lang-hoa-sa-dec\/\"><div class=\"post-list--item\"><img class=\"post-list--item-img\" src=\"https:\/\/dongthaptourism.com.vn\/wp-content\/uploads\/2023\/02\/8222e54346999cc7c588.jpg\" alt=\"gioi-thieu-lang-hoa-sa-dec\" \/><div class=\"post-list--item-content\"><div class=\"post-list--item-title\">Gi\u1edbi thi\u1ec7u l\u00e0ng hoa Sa \u0110\u00e9c<\/div><div class=\"post-list--date\">2023-02-23 08:31:35<\/div><\/div><\/div><\/a><\/div><div class=\"col medium-6 small-12 large-6\"><a href=\"https:\/\/dongthaptourism.com.vn\/en\/gioi-thieu-ve-festival-hoa-sa-dec\/\"><div class=\"post-list--item\"><img class=\"post-list--item-img\" src=\"https:\/\/dongthaptourism.com.vn\/wp-content\/uploads\/2023\/02\/8222e54346999cc7c5881.jpg\" alt=\"gioi-thieu-ve-festival-hoa-sa-dec\" \/><div class=\"post-list--item-content\"><div class=\"post-list--item-title\">Gi\u1edbi thi\u1ec7u v\u1ec1 Festival hoa Sa \u0110\u00e9c<\/div><div class=\"post-list--date\">2023-02-22 10:23:11<\/div><\/div><\/div><\/a><\/div><div class=\"col medium-6 small-12 large-6\"><a href=\"https:\/\/dongthaptourism.com.vn\/en\/dong-thap-tham-gia-hoi-cho-du-lich-quoc-te-viet-nam-2022\/\"><div class=\"post-list--item\"><img class=\"post-list--item-img\" src=\"https:\/\/dongthaptourism.com.vn\/wp-content\/uploads\/2022\/03\/VITM-1400x694.png\" alt=\"dong-thap-tham-gia-hoi-cho-du-lich-quoc-te-viet-nam-2022\" \/><div class=\"post-list--item-content\"><div class=\"post-list--item-title\">\u0110\u1ed3ng Th\u00e1p tham gia h\u1ed9i ch\u1ee3 Du l\u1ecbch Qu\u1ed1c t\u1ebf Vi\u1ec7t Nam 2022<\/div><div class=\"post-list--date\">2022-03-29 03:26:15<\/div><\/div><\/div><\/a><\/div><div class=\"col medium-6 small-12 large-6\"><a href=\"https:\/\/dongthaptourism.com.vn\/en\/17267-2\/\"><div class=\"post-list--item\"><img class=\"post-list--item-img\" src=\"https:\/\/dongthaptourism.com.vn\/wp-content\/uploads\/2022\/01\/055366c7dc9311cd4882.jpg\" alt=\"17267-2\" \/><div class=\"post-list--item-content\"><div class=\"post-list--item-title\">Trung t\u00e2m X\u00fac ti\u1ebfn Th\u01b0\u01a1ng m\u1ea1i, Du l\u1ecbch v\u00e0 \u0110\u1ea7u t\u01b0 \u0110\u1ed3ng Th\u00e1p<\/div><div class=\"post-list--date\">2022-01-29 12:42:07<\/div><\/div><\/div><\/a><\/div><div class=\"col medium-6 small-12 large-6\"><a href=\"https:\/\/dongthaptourism.com.vn\/en\/le-hoi-hoa-xuan-tp-sa-dec-du-kien-khai-mac-ngay-22-1-2022\/\"><div class=\"post-list--item\"><img class=\"post-list--item-img\" src=\"https:\/\/dongthaptourism.com.vn\/wp-content\/uploads\/2021\/11\/Anh-6-1400x790.jpg\" alt=\"le-hoi-hoa-xuan-tp-sa-dec-du-kien-khai-mac-ngay-22-1-2022\" \/><div class=\"post-list--item-content\"><div class=\"post-list--item-title\">L\u1ec5 h\u1ed9i hoa xu\u00e2n TP Sa \u0110\u00e9c d\u1ef1 ki\u1ebfn khai m\u1ea1c ng\u00e0y 22\/1\/2022<\/div><div class=\"post-list--date\">2021-11-09 14:41:40<\/div><\/div><\/div><\/a><\/div><div class=\"col medium-6 small-12 large-6\"><a href=\"https:\/\/dongthaptourism.com.vn\/en\/tuan-le-van-hoa-du-lich-dong-thap-2021-chu-de-sa-dec-pho-va-hoa\/\"><div class=\"post-list--item\"><img class=\"post-list--item-img\" src=\"https:\/\/dongthaptourism.com.vn\/wp-content\/uploads\/2021\/01\/ngay-hoi-du-lich-hoa-kieng-sa-dec-1024x768.jpg\" alt=\"tuan-le-van-hoa-du-lich-dong-thap-2021-chu-de-sa-dec-pho-va-hoa\" \/><div class=\"post-list--item-content\"><div class=\"post-list--item-title\">Tu\u1ea7n l\u1ec5 V\u0103n h\u00f3a du l\u1ecbch \u0110\u1ed3ng Th\u00e1p 2021 ch\u1ee7 \u0111\u1ec1 \"Sa \u0110\u00e9c Ph\u1ed1 V\u00e0 Hoa\"<\/div><div class=\"post-list--date\">2021-01-21 09:04:45<\/div><\/div><\/div><\/a><\/div><\/div>\n\n\n\t\t<\/div><!-- .section-content -->\n\n\t\t\n<style scope=\"scope\">\n\n#section_1686358760 {\n  padding-top: 30px;\n  padding-bottom: 30px;\n}\n<\/style>\n\t<\/section>","protected":false},"excerpt":{"rendered":"","protected":false},"author":1,"featured_media":0,"parent":0,"menu_order":0,"comment_status":"closed","ping_status":"closed","template":"page-blank.php","meta":[],"_links":{"self":[{"href":"https:\/\/dongthaptourism.com.vn\/en\/wp-json\/wp\/v2\/pages\/16815"}],"collection":[{"href":"https:\/\/dongthaptourism.com.vn\/en\/wp-json\/wp\/v2\/pages"}],"about":[{"href":"https:\/\/dongthaptourism.com.vn\/en\/wp-json\/wp\/v2\/types\/page"}],"author":[{"embeddable":true,"href":"https:\/\/dongthaptourism.com.vn\/en\/wp-json\/wp\/v2\/users\/1"}],"replies":[{"embeddable":true,"href":"https:\/\/dongthaptourism.com.vn\/en\/wp-json\/wp\/v2\/comments?post=16815"}],"version-history":[{"count":2,"href":"https:\/\/dongthaptourism.com.vn\/en\/wp-json\/wp\/v2\/pages\/16815\/revisions"}],"predecessor-version":[{"id":16818,"href":"https:\/\/dongthaptourism.com.vn\/en\/wp-json\/wp\/v2\/pages\/16815\/revisions\/16818"}],"wp:attachment":[{"href":"https:\/\/dongthaptourism.com.vn\/en\/wp-json\/wp\/v2\/media?parent=16815"}],"curies":[{"name":"wp","href":"https:\/\/api.w.org\/{rel}","templated":true}]}}