{"id":16823,"date":"2021-12-18T07:53:34","date_gmt":"2021-12-18T07:53:34","guid":{"rendered":"https:\/\/www.dongthaptourism.com.vn\/?page_id=16823"},"modified":"2021-12-18T07:53:44","modified_gmt":"2021-12-18T07:53:44","slug":"tin-quoc-te","status":"publish","type":"page","link":"https:\/\/dongthaptourism.com.vn\/en\/tin-quoc-te\/","title":{"rendered":"Tin qu\u1ed1c t\u1ebf"},"content":{"rendered":"<section class=\"section dt-homepage-banner\" id=\"section_1807230928\">\n\t\t<div class=\"bg section-bg fill bg-fill\" >\n\n\t\t\t\n\t\t\t\n\t\t\t\n\n\t\t<\/div><!-- .section-bg -->\n\n\t\t<div class=\"section-content relative\">\n\t\t\t\n\n\t<div id=\"gap-1554488731\" class=\"gap-element clearfix\" style=\"display:block; height:auto;\">\n\t\t\n<style scope=\"scope\">\n\n#gap-1554488731 {\n  padding-top: 120px;\n}\n<\/style>\n\t<\/div>\n\t\n\n<div class=\"row\"  id=\"row-390944818\">\n\n<div class=\"col small-12 large-12\"  ><div class=\"col-inner\"  >\n\n<h1 style=\"text-align: center;\"><span style=\"font-size: 200%; color: #ffffff;\"><strong>EXPLORING DONG THAP<\/strong><\/span><\/h1>\n<p style=\"text-align: center;\"><strong><span style=\"color: #ffffff;\">Exploring the culture, cuisine and people of Dong Thap is an exciting journey for every visitor. On the way to discover Dong Thap are historical sites, festivals, famous dishes on the tourist map of Vietnam.<\/span><\/strong><\/p>\n\n<\/div><\/div>\n\n<\/div>\n\t<div id=\"gap-632898218\" class=\"gap-element clearfix\" style=\"display:block; height:auto;\">\n\t\t\n<style scope=\"scope\">\n\n#gap-632898218 {\n  padding-top: 50px;\n}\n<\/style>\n\t<\/div>\n\t\n\n\t<div class=\"img has-hover dt-homepage-banner--bottom x md-x lg-x y md-y lg-y\" id=\"image_1798302857\">\n\t\t\t\t\t\t\t\t<div class=\"img-inner dark\" >\n\t\t\t<img width=\"1020\" height=\"209\" src=\"https:\/\/dongthaptourism.com.vn\/wp-content\/uploads\/2021\/12\/banner_bottom-1400x287.png\" class=\"attachment-large size-large\" alt=\"\" loading=\"lazy\" srcset=\"https:\/\/dongthaptourism.com.vn\/wp-content\/uploads\/2021\/12\/banner_bottom-1400x287.png 1400w, https:\/\/dongthaptourism.com.vn\/wp-content\/uploads\/2021\/12\/banner_bottom-600x123.png 600w, https:\/\/dongthaptourism.com.vn\/wp-content\/uploads\/2021\/12\/banner_bottom-800x164.png 800w, https:\/\/dongthaptourism.com.vn\/wp-content\/uploads\/2021\/12\/banner_bottom-768x157.png 768w, https:\/\/dongthaptourism.com.vn\/wp-content\/uploads\/2021\/12\/banner_bottom-1536x315.png 1536w, https:\/\/dongthaptourism.com.vn\/wp-content\/uploads\/2021\/12\/banner_bottom-2048x420.png 2048w\" sizes=\"(max-width: 1020px) 100vw, 1020px\" \/>\t\t\t\t\t\t\n\t\t\t\t\t<\/div>\n\t\t\t\t\t\t\t\t\n<style scope=\"scope\">\n\n#image_1798302857 {\n  width: 100%;\n}\n<\/style>\n\t<\/div>\n\t\n\n\n\t\t<\/div><!-- .section-content -->\n\n\t\t\n<style scope=\"scope\">\n\n#section_1807230928 {\n  padding-top: 0px;\n  padding-bottom: 0px;\n}\n#section_1807230928 .section-bg.bg-loaded {\n  background-image: url(https:\/\/dongthaptourism.com.vn\/wp-content\/uploads\/2021\/12\/banner.png);\n}\n#section_1807230928 .section-bg {\n  background-position: 51% 39%;\n}\n<\/style>\n\t<\/section>\n\t\n\t<div id=\"gap-1649408641\" class=\"gap-element clearfix\" style=\"display:block; height:auto;\">\n\t\t\n<style scope=\"scope\">\n\n#gap-1649408641 {\n  padding-top: 60px;\n}\n<\/style>\n\t<\/div>\n\t\n\n<div class=\"container section-title-container\" ><h1 class=\"section-title section-title-center\"><b><\/b><span class=\"section-title-main\" >Tin qu\u1ed1c t\u1ebf<\/span><b><\/b><\/h1><\/div><!-- .section-title -->\n\n\t<section class=\"section\" id=\"section_882230893\">\n\t\t<div class=\"bg section-bg fill bg-fill  bg-loaded\" >\n\n\t\t\t\n\t\t\t\n\t\t\t\n\n\t\t<\/div><!-- .section-bg -->\n\n\t\t<div class=\"section-content relative\">\n\t\t\t\n\n<div class=\"row\"><div class=\"col medium-6 small-12 large-6\"><a href=\"https:\/\/dongthaptourism.com.vn\/en\/chuong-trinh-quang-ba-du-lich-viet-nam-tai-anh\/\"><div class=\"post-list--item\"><img class=\"post-list--item-img\" src=\"https:\/\/dongthaptourism.com.vn\/wp-content\/uploads\/2022\/04\/du-lich-080422-4-1309x800.jpg\" alt=\"chuong-trinh-quang-ba-du-lich-viet-nam-tai-anh\" \/><div class=\"post-list--item-content\"><div class=\"post-list--item-title\">Ch\u01b0\u01a1ng tr\u00ecnh qu\u1ea3ng b\u00e1 du l\u1ecbch Vi\u1ec7t Nam t\u1ea1i Anh<\/div><div class=\"post-list--date\">2022-04-08 09:28:19<\/div><\/div><\/div><\/a><\/div><div class=\"col medium-6 small-12 large-6\"><a href=\"https:\/\/dongthaptourism.com.vn\/en\/thu-tuong-chi-dao-xay-dung-lo-trinh-mo-cua-an-toan-hieu-qua-don-khach-du-lich-quoc-te\/\"><div class=\"post-list--item\"><img class=\"post-list--item-img\" src=\"https:\/\/dongthaptourism.com.vn\/wp-content\/uploads\/2022\/01\/4922_1.jpg\" alt=\"thu-tuong-chi-dao-xay-dung-lo-trinh-mo-cua-an-toan-hieu-qua-don-khach-du-lich-quoc-te\" \/><div class=\"post-list--item-content\"><div class=\"post-list--item-title\">Th\u1ee7 t\u01b0\u1edbng ch\u1ec9 \u0111\u1ea1o x\u00e2y d\u1ef1ng l\u1ed9 tr\u00ecnh m\u1edf c\u1eeda an to\u00e0n, hi\u1ec7u qu\u1ea3 \u0111\u00f3n kh\u00e1ch du l\u1ecbch qu\u1ed1c t\u1ebf<\/div><div class=\"post-list--date\">2022-01-21 02:30:00<\/div><\/div><\/div><\/a><\/div><div class=\"col medium-6 small-12 large-6\"><a href=\"https:\/\/dongthaptourism.com.vn\/en\/han-quoc-muon-som-hinh-thanh-bong-bong-du-lich-voi-asean-va-cong-nhan-ho-chieu-vaccine-cua-nhau\/\"><div class=\"post-list--item\"><img class=\"post-list--item-img\" src=\"https:\/\/dongthaptourism.com.vn\/wp-content\/uploads\/2021\/10\/asean-hq-3.jpg\" alt=\"han-quoc-muon-som-hinh-thanh-bong-bong-du-lich-voi-asean-va-cong-nhan-ho-chieu-vaccine-cua-nhau\" \/><div class=\"post-list--item-content\"><div class=\"post-list--item-title\">H\u00e0n Qu\u1ed1c mu\u1ed1n s\u1edbm h\u00ecnh th\u00e0nh bong b\u00f3ng du l\u1ecbch v\u1edbi ASEAN v\u00e0 c\u00f4ng nh\u1eadn \u201ch\u1ed9 chi\u1ebfu vaccine\u201d c\u1ee7a nhau<\/div><div class=\"post-list--date\">2021-10-27 14:20:34<\/div><\/div><\/div><\/a><\/div><div class=\"col medium-6 small-12 large-6\"><a href=\"https:\/\/dongthaptourism.com.vn\/en\/hoi-cho-du-lich-mice-han-quoc-kme2021-dien-ra-tu-29-6-den-2-7\/\"><div class=\"post-list--item\"><img class=\"post-list--item-img\" src=\"https:\/\/dongthaptourism.com.vn\/wp-content\/uploads\/2021\/06\/kme1.jpg\" alt=\"hoi-cho-du-lich-mice-han-quoc-kme2021-dien-ra-tu-29-6-den-2-7\" \/><div class=\"post-list--item-content\"><div class=\"post-list--item-title\">H\u1ed9i ch\u1ee3 Du l\u1ecbch MICE H\u00e0n Qu\u1ed1c (KME2021) di\u1ec5n ra t\u1eeb 29\/6 \u0111\u1ebfn 2\/7<\/div><div class=\"post-list--date\">2021-06-08 23:24:39<\/div><\/div><\/div><\/a><\/div><div class=\"col medium-6 small-12 large-6\"><a href=\"https:\/\/dongthaptourism.com.vn\/en\/singapore-va-hong-kong-trung-quoc-sap-trien-khai-bong-bong-du-lich\/\"><div class=\"post-list--item\"><img class=\"post-list--item-img\" src=\"https:\/\/dongthaptourism.com.vn\/wp-content\/uploads\/2021\/04\/2020-11-19t120812z_130506036_owrcspeljcmvch9guew75iavh10w6k9_rtrmadp_baseimage-960x540_hk-tourism-1024x576.jpg\" alt=\"singapore-va-hong-kong-trung-quoc-sap-trien-khai-bong-bong-du-lich\" \/><div class=\"post-list--item-content\"><div class=\"post-list--item-title\">Singapore v\u00e0 H\u1ed3ng K\u00f4ng (Trung Qu\u1ed1c) s\u1eafp tri\u1ec3n khai bong b\u00f3ng du l\u1ecbch<\/div><div class=\"post-list--date\">2021-04-27 20:21:49<\/div><\/div><\/div><\/a><\/div><\/div>\n\n\n\t\t<\/div><!-- .section-content -->\n\n\t\t\n<style scope=\"scope\">\n\n#section_882230893 {\n  padding-top: 30px;\n  padding-bottom: 30px;\n}\n<\/style>\n\t<\/section>","protected":false},"excerpt":{"rendered":"","protected":false},"author":1,"featured_media":0,"parent":0,"menu_order":0,"comment_status":"closed","ping_status":"closed","template":"page-blank.php","meta":[],"_links":{"self":[{"href":"https:\/\/dongthaptourism.com.vn\/en\/wp-json\/wp\/v2\/pages\/16823"}],"collection":[{"href":"https:\/\/dongthaptourism.com.vn\/en\/wp-json\/wp\/v2\/pages"}],"about":[{"href":"https:\/\/dongthaptourism.com.vn\/en\/wp-json\/wp\/v2\/types\/page"}],"author":[{"embeddable":true,"href":"https:\/\/dongthaptourism.com.vn\/en\/wp-json\/wp\/v2\/users\/1"}],"replies":[{"embeddable":true,"href":"https:\/\/dongthaptourism.com.vn\/en\/wp-json\/wp\/v2\/comments?post=16823"}],"version-history":[{"count":1,"href":"https:\/\/dongthaptourism.com.vn\/en\/wp-json\/wp\/v2\/pages\/16823\/revisions"}],"predecessor-version":[{"id":16824,"href":"https:\/\/dongthaptourism.com.vn\/en\/wp-json\/wp\/v2\/pages\/16823\/revisions\/16824"}],"wp:attachment":[{"href":"https:\/\/dongthaptourism.com.vn\/en\/wp-json\/wp\/v2\/media?parent=16823"}],"curies":[{"name":"wp","href":"https:\/\/api.w.org\/{rel}","templated":true}]}}