{"id":16825,"date":"2021-12-18T07:55:48","date_gmt":"2021-12-18T07:55:48","guid":{"rendered":"https:\/\/www.dongthaptourism.com.vn\/?page_id=16825"},"modified":"2021-12-18T07:56:03","modified_gmt":"2021-12-18T07:56:03","slug":"tour-du-lich","status":"publish","type":"page","link":"https:\/\/dongthaptourism.com.vn\/en\/tour-du-lich\/","title":{"rendered":"Tours"},"content":{"rendered":"<section class=\"section dt-homepage-banner\" id=\"section_1734066058\">\n\t\t<div class=\"bg section-bg fill bg-fill\" >\n\n\t\t\t\n\t\t\t\n\t\t\t\n\n\t\t<\/div><!-- .section-bg -->\n\n\t\t<div class=\"section-content relative\">\n\t\t\t\n\n\t<div id=\"gap-741449419\" class=\"gap-element clearfix\" style=\"display:block; height:auto;\">\n\t\t\n<style scope=\"scope\">\n\n#gap-741449419 {\n  padding-top: 120px;\n}\n<\/style>\n\t<\/div>\n\t\n\n<div class=\"row\"  id=\"row-1831672162\">\n\n<div class=\"col small-12 large-12\"  ><div class=\"col-inner\"  >\n\n<h1 style=\"text-align: center;\"><span style=\"font-size: 200%; color: #ffffff;\"><strong>EXPLORING DONG THAP<\/strong><\/span><\/h1>\n<p style=\"text-align: center;\"><strong><span style=\"color: #ffffff;\">Exploring the culture, cuisine and people of Dong Thap is an exciting journey for every visitor. On the way to discover Dong Thap are historical sites, festivals, famous dishes on the tourist map of Vietnam.<\/span><\/strong><\/p>\n\n<\/div><\/div>\n\n<\/div>\n\t<div id=\"gap-262272601\" class=\"gap-element clearfix\" style=\"display:block; height:auto;\">\n\t\t\n<style scope=\"scope\">\n\n#gap-262272601 {\n  padding-top: 50px;\n}\n<\/style>\n\t<\/div>\n\t\n\n\t<div class=\"img has-hover dt-homepage-banner--bottom x md-x lg-x y md-y lg-y\" id=\"image_2096693957\">\n\t\t\t\t\t\t\t\t<div class=\"img-inner dark\" >\n\t\t\t<img width=\"1020\" height=\"209\" src=\"https:\/\/dongthaptourism.com.vn\/wp-content\/uploads\/2021\/12\/banner_bottom-1400x287.png\" class=\"attachment-large size-large\" alt=\"\" loading=\"lazy\" srcset=\"https:\/\/dongthaptourism.com.vn\/wp-content\/uploads\/2021\/12\/banner_bottom-1400x287.png 1400w, https:\/\/dongthaptourism.com.vn\/wp-content\/uploads\/2021\/12\/banner_bottom-600x123.png 600w, https:\/\/dongthaptourism.com.vn\/wp-content\/uploads\/2021\/12\/banner_bottom-800x164.png 800w, https:\/\/dongthaptourism.com.vn\/wp-content\/uploads\/2021\/12\/banner_bottom-768x157.png 768w, https:\/\/dongthaptourism.com.vn\/wp-content\/uploads\/2021\/12\/banner_bottom-1536x315.png 1536w, https:\/\/dongthaptourism.com.vn\/wp-content\/uploads\/2021\/12\/banner_bottom-2048x420.png 2048w\" sizes=\"(max-width: 1020px) 100vw, 1020px\" \/>\t\t\t\t\t\t\n\t\t\t\t\t<\/div>\n\t\t\t\t\t\t\t\t\n<style scope=\"scope\">\n\n#image_2096693957 {\n  width: 100%;\n}\n<\/style>\n\t<\/div>\n\t\n\n\n\t\t<\/div><!-- .section-content -->\n\n\t\t\n<style scope=\"scope\">\n\n#section_1734066058 {\n  padding-top: 0px;\n  padding-bottom: 0px;\n}\n#section_1734066058 .section-bg.bg-loaded {\n  background-image: url(https:\/\/dongthaptourism.com.vn\/wp-content\/uploads\/2021\/12\/banner.png);\n}\n#section_1734066058 .section-bg {\n  background-position: 51% 39%;\n}\n<\/style>\n\t<\/section>\n\t\n\t<div id=\"gap-1821916256\" class=\"gap-element clearfix\" style=\"display:block; height:auto;\">\n\t\t\n<style scope=\"scope\">\n\n#gap-1821916256 {\n  padding-top: 60px;\n}\n<\/style>\n\t<\/div>\n\t\n\n<div class=\"container section-title-container\" ><h1 class=\"section-title section-title-center\"><b><\/b><span class=\"section-title-main\" >Tours<\/span><b><\/b><\/h1><\/div><!-- .section-title -->\n\n\t<section class=\"section\" id=\"section_994061688\">\n\t\t<div class=\"bg section-bg fill bg-fill  bg-loaded\" >\n\n\t\t\t\n\t\t\t\n\t\t\t\n\n\t\t<\/div><!-- .section-bg -->\n\n\t\t<div class=\"section-content relative\">\n\t\t\t\n\n<div class=\"row\"><div class=\"col medium-6 small-12 large-6\"><a href=\"https:\/\/dongthaptourism.com.vn\/en\/tour-tham-quan-du-lich-dong-thap\/\"><div class=\"post-list--item\"><img class=\"post-list--item-img\" src=\"https:\/\/dongthaptourism.com.vn\/wp-content\/uploads\/2022\/03\/39-1199x800.jpg\" alt=\"tour-tham-quan-du-lich-dong-thap\" \/><div class=\"post-list--item-content\"><div class=\"post-list--item-title\">Tour tham quan du l\u1ecbch \u0110\u1ed3ng Th\u00e1p<\/div><div class=\"post-list--date\">2022-03-29 01:15:55<\/div><\/div><\/div><\/a><\/div><div class=\"col medium-6 small-12 large-6\"><a href=\"https:\/\/dongthaptourism.com.vn\/en\/cho-noi-dong-bang-song-cuu-long-bai-1-net-van-hoa-dac-sac\/\"><div class=\"post-list--item\"><img class=\"post-list--item-img\" src=\"https:\/\/dongthaptourism.com.vn\/wp-content\/uploads\/2022\/01\/anh-cho-bai-cho-noi-4.jpeg\" alt=\"cho-noi-dong-bang-song-cuu-long-bai-1-net-van-hoa-dac-sac\" \/><div class=\"post-list--item-content\"><div class=\"post-list--item-title\">Ch\u1ee3 n\u1ed5i \u0110\u1ed3ng b\u1eb1ng s\u00f4ng C\u1eedu Long - B\u00e0i 1: N\u00e9t v\u0103n h\u00f3a \u0111\u1eb7c s\u1eafc<\/div><div class=\"post-list--date\">2022-01-13 15:54:08<\/div><\/div><\/div><\/a><\/div><div class=\"col medium-6 small-12 large-6\"><a href=\"https:\/\/dongthaptourism.com.vn\/en\/vuon-nho-long-khanh-don-hon-1-000-luot-khach-tham-quan-trong-ngay-dau-nam-moi\/\"><div class=\"post-list--item\"><img class=\"post-list--item-img\" src=\"https:\/\/dongthaptourism.com.vn\/wp-content\/uploads\/2022\/01\/dt1-5.jpeg\" alt=\"vuon-nho-long-khanh-don-hon-1-000-luot-khach-tham-quan-trong-ngay-dau-nam-moi\" \/><div class=\"post-list--item-content\"><div class=\"post-list--item-title\">V\u01b0\u1eddn nho Long Kh\u00e1nh \u0111\u00f3n h\u01a1n 1.000 l\u01b0\u1ee3t kh\u00e1ch tham quan trong ng\u00e0y \u0111\u1ea7u n\u0103m m\u1edbi<\/div><div class=\"post-list--date\">2022-01-13 15:51:30<\/div><\/div><\/div><\/a><\/div><div class=\"col medium-6 small-12 large-6\"><a href=\"https:\/\/dongthaptourism.com.vn\/en\/sac-xuan-o-lang-chieu-dinh-yen\/\"><div class=\"post-list--item\"><img class=\"post-list--item-img\" src=\"https:\/\/dongthaptourism.com.vn\/wp-content\/uploads\/2022\/01\/DSCN4311-1067x800.jpeg\" alt=\"sac-xuan-o-lang-chieu-dinh-yen\" \/><div class=\"post-list--item-content\"><div class=\"post-list--item-title\">S\u1eafc Xu\u00e2n \u1edf l\u00e0ng chi\u1ebfu \u0110\u1ecbnh Y\u00ean<\/div><div class=\"post-list--date\">2022-01-13 15:46:20<\/div><\/div><\/div><\/a><\/div><div class=\"col medium-6 small-12 large-6\"><a href=\"https:\/\/dongthaptourism.com.vn\/en\/dn-dng-thap-da-mt-vi-tro-xem-ca-loc-bay\/\"><div class=\"post-list--item\"><img class=\"post-list--item-img\" src=\"https:\/\/dongthaptourism.com.vn\/wp-content\/uploads\/2022\/01\/ca-loc-bay.jpeg\" alt=\"dn-dng-thap-da-mt-vi-tro-xem-ca-loc-bay\" \/><div class=\"post-list--item-content\"><div class=\"post-list--item-title\">\u0110\u1ebfn \u0110\u1ed3ng Th\u00e1p \u0111\u00e3 m\u1eaft v\u1edbi tr\u00f2 xem... c\u00e1 l\u00f3c bay<\/div><div class=\"post-list--date\">2022-01-13 15:44:14<\/div><\/div><\/div><\/a><\/div><div class=\"col medium-6 small-12 large-6\"><a href=\"https:\/\/dongthaptourism.com.vn\/en\/du-lich-trai-nghiem-lang-hoa-sa-dec-khu-du-lich-van-hoa-phuong-nam-vuon-quoc-gia-tram-chim\/\"><div class=\"post-list--item\"><img class=\"post-list--item-img\" src=\"https:\/\/dongthaptourism.com.vn\/wp-content\/uploads\/2021\/12\/image-005.jpg\" alt=\"du-lich-trai-nghiem-lang-hoa-sa-dec-khu-du-lich-van-hoa-phuong-nam-vuon-quoc-gia-tram-chim\" \/><div class=\"post-list--item-content\"><div class=\"post-list--item-title\">Du l\u1ecbch tr\u1ea3i nghi\u1ec7m L\u00e0ng hoa Sa \u0110\u00e9c - Khu du l\u1ecbch V\u0103n h\u00f3a Ph\u01b0\u01a1ng Nam - V\u01b0\u1eddn Qu\u1ed1c gia Tr\u00e0m Chim<\/div><div class=\"post-list--date\">2021-12-16 06:06:35<\/div><\/div><\/div><\/a><\/div><div class=\"col medium-6 small-12 large-6\"><a href=\"https:\/\/dongthaptourism.com.vn\/en\/trai-nghiem-du-lich-xanh-khu-di-tich-xeo-quit-lang-hoa-sa-dec\/\"><div class=\"post-list--item\"><img class=\"post-list--item-img\" src=\"https:\/\/dongthaptourism.com.vn\/wp-content\/uploads\/2021\/12\/tour_4-012.jpg\" alt=\"trai-nghiem-du-lich-xanh-khu-di-tich-xeo-quit-lang-hoa-sa-dec\" \/><div class=\"post-list--item-content\"><div class=\"post-list--item-title\">Tr\u1ea3i nghi\u1ec7m du l\u1ecbch xanh | Khu di t\u00edch X\u1ebbo Qu\u00edt - L\u00e0ng hoa Sa \u0110\u00e9c<\/div><div class=\"post-list--date\">2021-12-15 16:42:17<\/div><\/div><\/div><\/a><\/div><div class=\"col medium-6 small-12 large-6\"><a href=\"https:\/\/dongthaptourism.com.vn\/en\/trai-nghiem-mot-ngay-lam-nghe-nhan-tai-khu-du-lich-hoa-kieng-sa-dec-tham-quan-khu-du-lich-van-hoa-phuong-nam\/\"><div class=\"post-list--item\"><img class=\"post-list--item-img\" src=\"https:\/\/dongthaptourism.com.vn\/wp-content\/uploads\/2021\/12\/tour_3-004.jpg\" alt=\"trai-nghiem-mot-ngay-lam-nghe-nhan-tai-khu-du-lich-hoa-kieng-sa-dec-tham-quan-khu-du-lich-van-hoa-phuong-nam\" \/><div class=\"post-list--item-content\"><div class=\"post-list--item-title\">Tr\u1ea3i nghi\u1ec7m \"M\u1ed9t ng\u00e0y l\u00e0m ngh\u1ec7 nh\u00e2n\" t\u1ea1i Khu du l\u1ecbch hoa ki\u1ec3ng Sa \u0110\u00e9c - Tham quan Khu du l\u1ecbch V\u0103n h\u00f3a Ph\u01b0\u01a1ng Nam<\/div><div class=\"post-list--date\">2021-12-15 16:21:13<\/div><\/div><\/div><\/a><\/div><div class=\"col medium-6 small-12 large-6\"><a href=\"https:\/\/dongthaptourism.com.vn\/en\/trai-nghiem-du-lich-sinh-thai-gao-giong-vieng-khu-di-tich-nguyen-sinh-sac\/\"><div class=\"post-list--item\"><img class=\"post-list--item-img\" src=\"https:\/\/dongthaptourism.com.vn\/wp-content\/uploads\/2021\/12\/tour_2-005.jpg\" alt=\"trai-nghiem-du-lich-sinh-thai-gao-giong-vieng-khu-di-tich-nguyen-sinh-sac\" \/><div class=\"post-list--item-content\"><div class=\"post-list--item-title\">Tr\u1ea3i nghi\u1ec7m du l\u1ecbch sinh th\u00e1i G\u00e1o Gi\u1ed3ng - Vi\u1ebfng Khu di t\u00edch Nguy\u1ec5n Sinh S\u1eafc<\/div><div class=\"post-list--date\">2021-12-15 15:37:00<\/div><\/div><\/div><\/a><\/div><div class=\"col medium-6 small-12 large-6\"><a href=\"https:\/\/dongthaptourism.com.vn\/en\/du-lich-trai-nghiem-he-sinh-thai-dat-ngap-nuoc-vuon-quoc-gia-tram-chim-trai-nghiem-lang-nghe-truyen-thong-tham-quan-khu-di-tich-go-thap\/\"><div class=\"post-list--item\"><img class=\"post-list--item-img\" src=\"https:\/\/dongthaptourism.com.vn\/wp-content\/uploads\/2021\/12\/tour_1_-3.jpg\" alt=\"du-lich-trai-nghiem-he-sinh-thai-dat-ngap-nuoc-vuon-quoc-gia-tram-chim-trai-nghiem-lang-nghe-truyen-thong-tham-quan-khu-di-tich-go-thap\" \/><div class=\"post-list--item-content\"><div class=\"post-list--item-title\">Du l\u1ecbch tr\u1ea3i nghi\u1ec7m H\u1ec7 sinh th\u00e1i \u0111\u1ea5t ng\u1eadp n\u01b0\u1edbc V\u01b0\u1eddn qu\u1ed1c gia Tr\u00e0m Chim - tr\u1ea3i nghi\u1ec7m l\u00e0ng ngh\u1ec1 truy\u1ec1n th\u1ed1ng - Tham quan Khu di t\u00edch G\u00f2 Th\u00e1p<\/div><div class=\"post-list--date\">2021-12-15 07:48:20<\/div><\/div><\/div><\/a><\/div><\/div>\n\n\n\t\t<\/div><!-- .section-content -->\n\n\t\t\n<style scope=\"scope\">\n\n#section_994061688 {\n  padding-top: 30px;\n  padding-bottom: 30px;\n}\n<\/style>\n\t<\/section>","protected":false},"excerpt":{"rendered":"","protected":false},"author":1,"featured_media":0,"parent":0,"menu_order":0,"comment_status":"closed","ping_status":"closed","template":"page-blank.php","meta":[],"_links":{"self":[{"href":"https:\/\/dongthaptourism.com.vn\/en\/wp-json\/wp\/v2\/pages\/16825"}],"collection":[{"href":"https:\/\/dongthaptourism.com.vn\/en\/wp-json\/wp\/v2\/pages"}],"about":[{"href":"https:\/\/dongthaptourism.com.vn\/en\/wp-json\/wp\/v2\/types\/page"}],"author":[{"embeddable":true,"href":"https:\/\/dongthaptourism.com.vn\/en\/wp-json\/wp\/v2\/users\/1"}],"replies":[{"embeddable":true,"href":"https:\/\/dongthaptourism.com.vn\/en\/wp-json\/wp\/v2\/comments?post=16825"}],"version-history":[{"count":1,"href":"https:\/\/dongthaptourism.com.vn\/en\/wp-json\/wp\/v2\/pages\/16825\/revisions"}],"predecessor-version":[{"id":16826,"href":"https:\/\/dongthaptourism.com.vn\/en\/wp-json\/wp\/v2\/pages\/16825\/revisions\/16826"}],"wp:attachment":[{"href":"https:\/\/dongthaptourism.com.vn\/en\/wp-json\/wp\/v2\/media?parent=16825"}],"curies":[{"name":"wp","href":"https:\/\/api.w.org\/{rel}","templated":true}]}}