{"id":16920,"date":"2021-12-19T09:28:56","date_gmt":"2021-12-19T09:28:56","guid":{"rendered":"https:\/\/www.dongthaptourism.com.vn\/?page_id=16920"},"modified":"2021-12-30T16:45:08","modified_gmt":"2021-12-30T16:45:08","slug":"kham-pha-dong-thap","status":"publish","type":"page","link":"https:\/\/dongthaptourism.com.vn\/en\/kham-pha-dong-thap\/","title":{"rendered":"Exploring Dong Thap"},"content":{"rendered":"<div id=\"gap-1718490669\" class=\"gap-element clearfix\" style=\"display:block; height:auto;\">\n\t\t\n<style scope=\"scope\">\n\n#gap-1718490669 {\n  padding-top: 36px;\n}\n<\/style>\n\t<\/div>\n\t\n\n<div class=\"container section-title-container\" ><h1 class=\"section-title section-title-center\"><b><\/b><span class=\"section-title-main\" >Exploring &amp; Relaxing in Dong Thap<\/span><b><\/b><\/h1><\/div><!-- .section-title -->\n\n\t<div id=\"gap-1961955548\" class=\"gap-element clearfix\" style=\"display:block; height:auto;\">\n\t\t\n<style scope=\"scope\">\n\n#gap-1961955548 {\n  padding-top: 36px;\n}\n<\/style>\n\t<\/div>\n\t\n\n<div class=\"rgg-container\" data-rgg-id=\"1\">    <div class=\"rgg-imagegrid captions-title captions-effect-none\" data-rgg-id=\"1\">\n                    <a href=\"https:\/\/dongthaptourism.com.vn\/wp-content\/uploads\/2021\/12\/tour_2-005.jpg\" data-rel=\"rgg\" rel=\"rgg\" title=\"\" class=\"rgg-disabled size-medium rgg-img\" data-src=\"https:\/\/dongthaptourism.com.vn\/wp-content\/uploads\/2021\/12\/tour_2-005.jpg\" data-ratio=\"1.6842105263158\" data-height=\"380\" data-width=\"640\" aria-label=\"\">\n                            <\/a>\n                    <a href=\"https:\/\/dongthaptourism.com.vn\/wp-content\/uploads\/2021\/12\/GO-THAP_CU\u0323M-NHA\u0300-NGHI\u0309-DU\u031bO\u031b\u0303NG-TRE\u0302N-HO\u0302\u0300-SEN.jpg\" data-rel=\"rgg\" rel=\"rgg\" title=\"\" class=\"rgg-disabled size-medium rgg-img\" data-src=\"https:\/\/dongthaptourism.com.vn\/wp-content\/uploads\/2021\/12\/GO-THAP_CU\u0323M-NHA\u0300-NGHI\u0309-DU\u031bO\u031b\u0303NG-TRE\u0302N-HO\u0302\u0300-SEN.jpg\" data-ratio=\"1.2666666666667\" data-height=\"300\" data-width=\"380\" aria-label=\"\">\n                            <\/a>\n                    <a href=\"https:\/\/dongthaptourism.com.vn\/wp-content\/uploads\/2021\/12\/huyen-hong-ngu.jpeg\" data-rel=\"rgg\" rel=\"rgg\" title=\"\" class=\"rgg-disabled size-medium rgg-img\" data-src=\"https:\/\/dongthaptourism.com.vn\/wp-content\/uploads\/2021\/12\/huyen-hong-ngu-600x400.jpeg\" data-ratio=\"1.5\" data-height=\"400\" data-width=\"600\" aria-label=\"\">\n                            <\/a>\n                    <a href=\"https:\/\/dongthaptourism.com.vn\/wp-content\/uploads\/2021\/11\/dlnt.jpg\" data-rel=\"rgg\" rel=\"rgg\" title=\"\" class=\"rgg-disabled size-medium rgg-img\" data-src=\"https:\/\/dongthaptourism.com.vn\/wp-content\/uploads\/2021\/11\/dlnt.jpg\" data-ratio=\"1.5\" data-height=\"200\" data-width=\"300\" aria-label=\"\">\n                            <\/a>\n                    <a href=\"https:\/\/dongthaptourism.com.vn\/wp-content\/uploads\/2021\/12\/tour_4-003.jpg\" data-rel=\"rgg\" rel=\"rgg\" title=\"\" class=\"rgg-disabled size-medium rgg-img\" data-src=\"https:\/\/dongthaptourism.com.vn\/wp-content\/uploads\/2021\/12\/tour_4-003.jpg\" data-ratio=\"1.4986225895317\" data-height=\"363\" data-width=\"544\" aria-label=\"\">\n                            <\/a>\n                    <a href=\"https:\/\/dongthaptourism.com.vn\/wp-content\/uploads\/2021\/12\/huyen-cao-lanh-1200x800.jpeg\" data-rel=\"rgg\" rel=\"rgg\" title=\"\" class=\"rgg-disabled size-medium rgg-img\" data-src=\"https:\/\/dongthaptourism.com.vn\/wp-content\/uploads\/2021\/12\/huyen-cao-lanh-600x400.jpeg\" data-ratio=\"1.5\" data-height=\"400\" data-width=\"600\" aria-label=\"\">\n                            <\/a>\n                    <a href=\"https:\/\/dongthaptourism.com.vn\/wp-content\/uploads\/2021\/09\/lau-cu-lao-9211-1630610161.jpg\" data-rel=\"rgg\" rel=\"rgg\" title=\"\" class=\"rgg-disabled size-medium rgg-img\" data-src=\"https:\/\/dongthaptourism.com.vn\/wp-content\/uploads\/2021\/09\/lau-cu-lao-9211-1630610161-300x239.jpg\" data-ratio=\"1.255230125523\" data-height=\"239\" data-width=\"300\" aria-label=\"\">\n                            <\/a>\n                    <a href=\"https:\/\/dongthaptourism.com.vn\/wp-content\/uploads\/2021\/12\/tour_3-005.jpg\" data-rel=\"rgg\" rel=\"rgg\" title=\"\" class=\"rgg-disabled size-medium rgg-img\" data-src=\"https:\/\/dongthaptourism.com.vn\/wp-content\/uploads\/2021\/12\/tour_3-005.jpg\" data-ratio=\"1.5047923322684\" data-height=\"313\" data-width=\"471\" aria-label=\"\">\n                            <\/a>\n                    <a href=\"https:\/\/dongthaptourism.com.vn\/wp-content\/uploads\/2021\/12\/chau-thanh.jpeg\" data-rel=\"rgg\" rel=\"rgg\" title=\"T\u1ed5ng h\u1ee3p nh\u1eefng h&igrave;nh \u1ea3nh \u0111\u1eb9p nh\u1ea5t c\u1ee7a \u0110\u1ed3ng th&aacute;p Vi\u1ec7t Nam\" class=\"rgg-disabled size-medium rgg-img\" data-src=\"https:\/\/dongthaptourism.com.vn\/wp-content\/uploads\/2021\/12\/chau-thanh-599x400.jpeg\" data-ratio=\"1.4975\" data-height=\"400\" data-width=\"599\" aria-label=\"\">\n                            <\/a>\n                    <a href=\"https:\/\/dongthaptourism.com.vn\/wp-content\/uploads\/2021\/12\/tour_2-004.jpg\" data-rel=\"rgg\" rel=\"rgg\" title=\"\" class=\"rgg-disabled size-medium rgg-img\" data-src=\"https:\/\/dongthaptourism.com.vn\/wp-content\/uploads\/2021\/12\/tour_2-004.jpg\" data-ratio=\"1.4982935153584\" data-height=\"293\" data-width=\"439\" aria-label=\"\">\n                            <\/a>\n                    <a href=\"https:\/\/dongthaptourism.com.vn\/wp-content\/uploads\/2021\/12\/tour_1_-4.jpg\" data-rel=\"rgg\" rel=\"rgg\" title=\"\" class=\"rgg-disabled size-medium rgg-img\" data-src=\"https:\/\/dongthaptourism.com.vn\/wp-content\/uploads\/2021\/12\/tour_1_-4.jpg\" data-ratio=\"1.5015673981191\" data-height=\"319\" data-width=\"479\" aria-label=\"\">\n                            <\/a>\n                    <a href=\"https:\/\/dongthaptourism.com.vn\/wp-content\/uploads\/2021\/12\/khu-co\u0302ng-nghie\u0323\u0302p-1067x800.jpg\" data-rel=\"rgg\" rel=\"rgg\" title=\"\" class=\"rgg-disabled size-medium rgg-img\" data-src=\"https:\/\/dongthaptourism.com.vn\/wp-content\/uploads\/2021\/12\/khu-co\u0302ng-nghie\u0323\u0302p-533x400.jpg\" data-ratio=\"1.3325\" data-height=\"400\" data-width=\"533\" aria-label=\"\">\n                            <\/a>\n                    <a href=\"https:\/\/dongthaptourism.com.vn\/wp-content\/uploads\/2021\/12\/tour_4-007.jpg\" data-rel=\"rgg\" rel=\"rgg\" title=\"\" class=\"rgg-disabled size-medium rgg-img\" data-src=\"https:\/\/dongthaptourism.com.vn\/wp-content\/uploads\/2021\/12\/tour_4-007.jpg\" data-ratio=\"1.3640167364017\" data-height=\"239\" data-width=\"326\" aria-label=\"\">\n                            <\/a>\n                    <a href=\"https:\/\/dongthaptourism.com.vn\/wp-content\/uploads\/2021\/12\/cho-ca-an-1216x800.jpg\" data-rel=\"rgg\" rel=\"rgg\" title=\"\" class=\"rgg-disabled size-medium rgg-img\" data-src=\"https:\/\/dongthaptourism.com.vn\/wp-content\/uploads\/2021\/12\/cho-ca-an-608x400.jpg\" data-ratio=\"1.52\" data-height=\"400\" data-width=\"608\" aria-label=\"\">\n                            <\/a>\n                    <a href=\"https:\/\/dongthaptourism.com.vn\/wp-content\/uploads\/2021\/12\/tour_4-012.jpg\" data-rel=\"rgg\" rel=\"rgg\" title=\"\" class=\"rgg-disabled size-medium rgg-img\" data-src=\"https:\/\/dongthaptourism.com.vn\/wp-content\/uploads\/2021\/12\/tour_4-012.jpg\" data-ratio=\"1.6008403361345\" data-height=\"238\" data-width=\"381\" aria-label=\"\">\n                            <\/a>\n            <\/div>\n<\/div>\n\n\t<div id=\"gap-2037433449\" class=\"gap-element clearfix\" style=\"display:block; height:auto;\">\n\t\t\n<style scope=\"scope\">\n\n#gap-2037433449 {\n  padding-top: 60px;\n}\n<\/style>\n\t<\/div>\n\t\n\n<div class=\"container section-title-container\" ><h1 class=\"section-title section-title-center\"><b><\/b><span class=\"section-title-main\" >Tours<\/span><b><\/b><\/h1><\/div><!-- .section-title -->\n\n\t<div id=\"gap-1453627344\" class=\"gap-element clearfix\" style=\"display:block; height:auto;\">\n\t\t\n<style scope=\"scope\">\n\n#gap-1453627344 {\n  padding-top: 23px;\n}\n<\/style>\n\t<\/div>\n\t\n\n\n  \n    <div class=\"row large-columns-3 medium-columns- small-columns-1 slider row-slider slider-nav-circle slider-nav-outside slider-nav-push\"  data-flickity-options='{\"imagesLoaded\": true, \"groupCells\": \"100%\", \"dragThreshold\" : 5, \"cellAlign\": \"left\",\"wrapAround\": true,\"prevNextButtons\": true,\"percentPosition\": true,\"pageDots\": true, \"rightToLeft\": false, \"autoPlay\" : 3000}'>\n\n  \t\t<div class=\"col post-item\" >\n\t\t\t<div class=\"col-inner\">\n\t\t\t<a href=\"https:\/\/dongthaptourism.com.vn\/en\/tour-tham-quan-du-lich-dong-thap\/\" class=\"plain\">\n\t\t\t\t<div class=\"box box-bounce box-text-bottom box-blog-post has-hover\">\n            \t\t\t\t\t<div class=\"box-image\" >\n  \t\t\t\t\t\t<div class=\"image-overlay-remove image-cover\" style=\"padding-top:56%;\">\n  \t\t\t\t\t\t\t<img width=\"1020\" height=\"681\" src=\"https:\/\/dongthaptourism.com.vn\/wp-content\/uploads\/2022\/03\/39-1199x800.jpg\" class=\"attachment-large size-large wp-post-image\" alt=\"\" loading=\"lazy\" srcset=\"https:\/\/dongthaptourism.com.vn\/wp-content\/uploads\/2022\/03\/39-1199x800.jpg 1199w, https:\/\/dongthaptourism.com.vn\/wp-content\/uploads\/2022\/03\/39-599x400.jpg 599w, https:\/\/dongthaptourism.com.vn\/wp-content\/uploads\/2022\/03\/39-768x513.jpg 768w, https:\/\/dongthaptourism.com.vn\/wp-content\/uploads\/2022\/03\/39-1536x1025.jpg 1536w, https:\/\/dongthaptourism.com.vn\/wp-content\/uploads\/2022\/03\/39-18x12.jpg 18w, https:\/\/dongthaptourism.com.vn\/wp-content\/uploads\/2022\/03\/39.jpg 2000w\" sizes=\"(max-width: 1020px) 100vw, 1020px\" \/>  \t\t\t\t\t\t\t<div class=\"overlay\" style=\"background-color: rgba(0, 0, 0, 0.09)\"><\/div>  \t\t\t\t\t\t\t  \t\t\t\t\t\t<\/div>\n  \t\t\t\t\t\t  \t\t\t\t\t<\/div><!-- .box-image -->\n          \t\t\t\t\t<div class=\"box-text show-on-hover hover-bounce text-center\" style=\"padding:10% 0px 10% 0px;\">\n\t\t\t\t\t<div class=\"box-text-inner blog-post-inner\">\n\n\t\t\t\t\t\n\t\t\t\t\t\t\t\t\t\t\t<p class=\"cat-label tag-label is-xxsmall op-7 uppercase\">\n\t\t\t\t\tTours \t\t\t\t\t<\/p>\n\t\t\t\t\t\t\t\t\t\t<h5 class=\"post-title is-large\">Tour tham quan du l\u1ecbch \u0110\u1ed3ng Th\u00e1p<\/h5>\n\t\t\t\t\t<div class=\"post-meta is-small op-8\">29 March, 2022<\/div>\t\t\t\t\t<div class=\"is-divider\"><\/div>\n\t\t\t\t\t                    \n\t\t\t\t\t\n\t\t\t\t\t\n\t\t\t\t\t<\/div><!-- .box-text-inner -->\n\t\t\t\t\t<\/div><!-- .box-text -->\n\t\t\t\t\t\t\t\t\t<\/div><!-- .box -->\n\t\t\t\t<\/a><!-- .link -->\n\t\t\t<\/div><!-- .col-inner -->\n\t\t<\/div><!-- .col -->\n\t\t<div class=\"col post-item\" >\n\t\t\t<div class=\"col-inner\">\n\t\t\t<a href=\"https:\/\/dongthaptourism.com.vn\/en\/cho-noi-dong-bang-song-cuu-long-bai-1-net-van-hoa-dac-sac\/\" class=\"plain\">\n\t\t\t\t<div class=\"box box-bounce box-text-bottom box-blog-post has-hover\">\n            \t\t\t\t\t<div class=\"box-image\" >\n  \t\t\t\t\t\t<div class=\"image-overlay-remove image-cover\" style=\"padding-top:56%;\">\n  \t\t\t\t\t\t\t<img width=\"675\" height=\"450\" src=\"https:\/\/dongthaptourism.com.vn\/wp-content\/uploads\/2022\/01\/anh-cho-bai-cho-noi-4.jpeg\" class=\"attachment-large size-large wp-post-image\" alt=\"\" loading=\"lazy\" srcset=\"https:\/\/dongthaptourism.com.vn\/wp-content\/uploads\/2022\/01\/anh-cho-bai-cho-noi-4.jpeg 675w, https:\/\/dongthaptourism.com.vn\/wp-content\/uploads\/2022\/01\/anh-cho-bai-cho-noi-4-600x400.jpeg 600w, https:\/\/dongthaptourism.com.vn\/wp-content\/uploads\/2022\/01\/anh-cho-bai-cho-noi-4-18x12.jpeg 18w\" sizes=\"(max-width: 675px) 100vw, 675px\" \/>  \t\t\t\t\t\t\t<div class=\"overlay\" style=\"background-color: rgba(0, 0, 0, 0.09)\"><\/div>  \t\t\t\t\t\t\t  \t\t\t\t\t\t<\/div>\n  \t\t\t\t\t\t  \t\t\t\t\t<\/div><!-- .box-image -->\n          \t\t\t\t\t<div class=\"box-text show-on-hover hover-bounce text-center\" style=\"padding:10% 0px 10% 0px;\">\n\t\t\t\t\t<div class=\"box-text-inner blog-post-inner\">\n\n\t\t\t\t\t\n\t\t\t\t\t\t\t\t\t\t\t<p class=\"cat-label tag-label is-xxsmall op-7 uppercase\">\n\t\t\t\t\tTours \t\t\t\t\t<\/p>\n\t\t\t\t\t\t\t\t\t\t<h5 class=\"post-title is-large\">Ch\u1ee3 n\u1ed5i \u0110\u1ed3ng b\u1eb1ng s\u00f4ng C\u1eedu Long &#8211; B\u00e0i 1: N\u00e9t v\u0103n h\u00f3a \u0111\u1eb7c s\u1eafc<\/h5>\n\t\t\t\t\t<div class=\"post-meta is-small op-8\">13 January, 2022<\/div>\t\t\t\t\t<div class=\"is-divider\"><\/div>\n\t\t\t\t\t                    \n\t\t\t\t\t\n\t\t\t\t\t\n\t\t\t\t\t<\/div><!-- .box-text-inner -->\n\t\t\t\t\t<\/div><!-- .box-text -->\n\t\t\t\t\t\t\t\t\t<\/div><!-- .box -->\n\t\t\t\t<\/a><!-- .link -->\n\t\t\t<\/div><!-- .col-inner -->\n\t\t<\/div><!-- .col -->\n\t\t<div class=\"col post-item\" >\n\t\t\t<div class=\"col-inner\">\n\t\t\t<a href=\"https:\/\/dongthaptourism.com.vn\/en\/vuon-nho-long-khanh-don-hon-1-000-luot-khach-tham-quan-trong-ngay-dau-nam-moi\/\" class=\"plain\">\n\t\t\t\t<div class=\"box box-bounce box-text-bottom box-blog-post has-hover\">\n            \t\t\t\t\t<div class=\"box-image\" >\n  \t\t\t\t\t\t<div class=\"image-overlay-remove image-cover\" style=\"padding-top:56%;\">\n  \t\t\t\t\t\t\t<img width=\"640\" height=\"360\" src=\"https:\/\/dongthaptourism.com.vn\/wp-content\/uploads\/2022\/01\/dt1-5.jpeg\" class=\"attachment-large size-large wp-post-image\" alt=\"\" loading=\"lazy\" srcset=\"https:\/\/dongthaptourism.com.vn\/wp-content\/uploads\/2022\/01\/dt1-5.jpeg 640w, https:\/\/dongthaptourism.com.vn\/wp-content\/uploads\/2022\/01\/dt1-5-18x10.jpeg 18w\" sizes=\"(max-width: 640px) 100vw, 640px\" \/>  \t\t\t\t\t\t\t<div class=\"overlay\" style=\"background-color: rgba(0, 0, 0, 0.09)\"><\/div>  \t\t\t\t\t\t\t  \t\t\t\t\t\t<\/div>\n  \t\t\t\t\t\t  \t\t\t\t\t<\/div><!-- .box-image -->\n          \t\t\t\t\t<div class=\"box-text show-on-hover hover-bounce text-center\" style=\"padding:10% 0px 10% 0px;\">\n\t\t\t\t\t<div class=\"box-text-inner blog-post-inner\">\n\n\t\t\t\t\t\n\t\t\t\t\t\t\t\t\t\t\t<p class=\"cat-label tag-label is-xxsmall op-7 uppercase\">\n\t\t\t\t\tTin trong n\u01b0\u1edbc Tour du l\u1ecbch \t\t\t\t\t<\/p>\n\t\t\t\t\t\t\t\t\t\t<h5 class=\"post-title is-large\">V\u01b0\u1eddn nho Long Kh\u00e1nh \u0111\u00f3n h\u01a1n 1.000 l\u01b0\u1ee3t kh\u00e1ch tham quan trong ng\u00e0y \u0111\u1ea7u n\u0103m m\u1edbi<\/h5>\n\t\t\t\t\t<div class=\"post-meta is-small op-8\">13 January, 2022<\/div>\t\t\t\t\t<div class=\"is-divider\"><\/div>\n\t\t\t\t\t                    \n\t\t\t\t\t\n\t\t\t\t\t\n\t\t\t\t\t<\/div><!-- .box-text-inner -->\n\t\t\t\t\t<\/div><!-- .box-text -->\n\t\t\t\t\t\t\t\t\t<\/div><!-- .box -->\n\t\t\t\t<\/a><!-- .link -->\n\t\t\t<\/div><!-- .col-inner -->\n\t\t<\/div><!-- .col -->\n\t\t<div class=\"col post-item\" >\n\t\t\t<div class=\"col-inner\">\n\t\t\t<a href=\"https:\/\/dongthaptourism.com.vn\/en\/sac-xuan-o-lang-chieu-dinh-yen\/\" class=\"plain\">\n\t\t\t\t<div class=\"box box-bounce box-text-bottom box-blog-post has-hover\">\n            \t\t\t\t\t<div class=\"box-image\" >\n  \t\t\t\t\t\t<div class=\"image-overlay-remove image-cover\" style=\"padding-top:56%;\">\n  \t\t\t\t\t\t\t<img width=\"1020\" height=\"765\" src=\"https:\/\/dongthaptourism.com.vn\/wp-content\/uploads\/2022\/01\/DSCN4311-1067x800.jpeg\" class=\"attachment-large size-large wp-post-image\" alt=\"\" loading=\"lazy\" srcset=\"https:\/\/dongthaptourism.com.vn\/wp-content\/uploads\/2022\/01\/DSCN4311-1067x800.jpeg 1067w, https:\/\/dongthaptourism.com.vn\/wp-content\/uploads\/2022\/01\/DSCN4311-533x400.jpeg 533w, https:\/\/dongthaptourism.com.vn\/wp-content\/uploads\/2022\/01\/DSCN4311-768x576.jpeg 768w, https:\/\/dongthaptourism.com.vn\/wp-content\/uploads\/2022\/01\/DSCN4311-16x12.jpeg 16w, https:\/\/dongthaptourism.com.vn\/wp-content\/uploads\/2022\/01\/DSCN4311.jpeg 1500w\" sizes=\"(max-width: 1020px) 100vw, 1020px\" \/>  \t\t\t\t\t\t\t<div class=\"overlay\" style=\"background-color: rgba(0, 0, 0, 0.09)\"><\/div>  \t\t\t\t\t\t\t  \t\t\t\t\t\t<\/div>\n  \t\t\t\t\t\t  \t\t\t\t\t<\/div><!-- .box-image -->\n          \t\t\t\t\t<div class=\"box-text show-on-hover hover-bounce text-center\" style=\"padding:10% 0px 10% 0px;\">\n\t\t\t\t\t<div class=\"box-text-inner blog-post-inner\">\n\n\t\t\t\t\t\n\t\t\t\t\t\t\t\t\t\t\t<p class=\"cat-label tag-label is-xxsmall op-7 uppercase\">\n\t\t\t\t\tTin trong n\u01b0\u1edbc Tour du l\u1ecbch \t\t\t\t\t<\/p>\n\t\t\t\t\t\t\t\t\t\t<h5 class=\"post-title is-large\">S\u1eafc Xu\u00e2n \u1edf l\u00e0ng chi\u1ebfu \u0110\u1ecbnh Y\u00ean<\/h5>\n\t\t\t\t\t<div class=\"post-meta is-small op-8\">13 January, 2022<\/div>\t\t\t\t\t<div class=\"is-divider\"><\/div>\n\t\t\t\t\t                    \n\t\t\t\t\t\n\t\t\t\t\t\n\t\t\t\t\t<\/div><!-- .box-text-inner -->\n\t\t\t\t\t<\/div><!-- .box-text -->\n\t\t\t\t\t\t\t\t\t<\/div><!-- .box -->\n\t\t\t\t<\/a><!-- .link -->\n\t\t\t<\/div><!-- .col-inner -->\n\t\t<\/div><!-- .col -->\n\t\t<div class=\"col post-item\" >\n\t\t\t<div class=\"col-inner\">\n\t\t\t<a href=\"https:\/\/dongthaptourism.com.vn\/en\/dn-dng-thap-da-mt-vi-tro-xem-ca-loc-bay\/\" class=\"plain\">\n\t\t\t\t<div class=\"box box-bounce box-text-bottom box-blog-post has-hover\">\n            \t\t\t\t\t<div class=\"box-image\" >\n  \t\t\t\t\t\t<div class=\"image-overlay-remove image-cover\" style=\"padding-top:56%;\">\n  \t\t\t\t\t\t\t<img width=\"770\" height=\"513\" src=\"https:\/\/dongthaptourism.com.vn\/wp-content\/uploads\/2022\/01\/ca-loc-bay.jpeg\" class=\"attachment-large size-large wp-post-image\" alt=\"\" loading=\"lazy\" srcset=\"https:\/\/dongthaptourism.com.vn\/wp-content\/uploads\/2022\/01\/ca-loc-bay.jpeg 770w, https:\/\/dongthaptourism.com.vn\/wp-content\/uploads\/2022\/01\/ca-loc-bay-600x400.jpeg 600w, https:\/\/dongthaptourism.com.vn\/wp-content\/uploads\/2022\/01\/ca-loc-bay-768x512.jpeg 768w, https:\/\/dongthaptourism.com.vn\/wp-content\/uploads\/2022\/01\/ca-loc-bay-18x12.jpeg 18w\" sizes=\"(max-width: 770px) 100vw, 770px\" \/>  \t\t\t\t\t\t\t<div class=\"overlay\" style=\"background-color: rgba(0, 0, 0, 0.09)\"><\/div>  \t\t\t\t\t\t\t  \t\t\t\t\t\t<\/div>\n  \t\t\t\t\t\t  \t\t\t\t\t<\/div><!-- .box-image -->\n          \t\t\t\t\t<div class=\"box-text show-on-hover hover-bounce text-center\" style=\"padding:10% 0px 10% 0px;\">\n\t\t\t\t\t<div class=\"box-text-inner blog-post-inner\">\n\n\t\t\t\t\t\n\t\t\t\t\t\t\t\t\t\t\t<p class=\"cat-label tag-label is-xxsmall op-7 uppercase\">\n\t\t\t\t\tTours \t\t\t\t\t<\/p>\n\t\t\t\t\t\t\t\t\t\t<h5 class=\"post-title is-large\">\u0110\u1ebfn \u0110\u1ed3ng Th\u00e1p \u0111\u00e3 m\u1eaft v\u1edbi tr\u00f2 xem&#8230; c\u00e1 l\u00f3c bay<\/h5>\n\t\t\t\t\t<div class=\"post-meta is-small op-8\">13 January, 2022<\/div>\t\t\t\t\t<div class=\"is-divider\"><\/div>\n\t\t\t\t\t                    \n\t\t\t\t\t\n\t\t\t\t\t\n\t\t\t\t\t<\/div><!-- .box-text-inner -->\n\t\t\t\t\t<\/div><!-- .box-text -->\n\t\t\t\t\t\t\t\t\t<\/div><!-- .box -->\n\t\t\t\t<\/a><!-- .link -->\n\t\t\t<\/div><!-- .col-inner -->\n\t\t<\/div><!-- .col -->\n\t\t<div class=\"col post-item\" >\n\t\t\t<div class=\"col-inner\">\n\t\t\t<a href=\"https:\/\/dongthaptourism.com.vn\/en\/du-lich-trai-nghiem-lang-hoa-sa-dec-khu-du-lich-van-hoa-phuong-nam-vuon-quoc-gia-tram-chim\/\" class=\"plain\">\n\t\t\t\t<div class=\"box box-bounce box-text-bottom box-blog-post has-hover\">\n            \t\t\t\t\t<div class=\"box-image\" >\n  \t\t\t\t\t\t<div class=\"image-overlay-remove image-cover\" style=\"padding-top:56%;\">\n  \t\t\t\t\t\t\t<img width=\"516\" height=\"340\" src=\"https:\/\/dongthaptourism.com.vn\/wp-content\/uploads\/2021\/12\/image-005.jpg\" class=\"attachment-large size-large wp-post-image\" alt=\"\" loading=\"lazy\" \/>  \t\t\t\t\t\t\t<div class=\"overlay\" style=\"background-color: rgba(0, 0, 0, 0.09)\"><\/div>  \t\t\t\t\t\t\t  \t\t\t\t\t\t<\/div>\n  \t\t\t\t\t\t  \t\t\t\t\t<\/div><!-- .box-image -->\n          \t\t\t\t\t<div class=\"box-text show-on-hover hover-bounce text-center\" style=\"padding:10% 0px 10% 0px;\">\n\t\t\t\t\t<div class=\"box-text-inner blog-post-inner\">\n\n\t\t\t\t\t\n\t\t\t\t\t\t\t\t\t\t\t<p class=\"cat-label tag-label is-xxsmall op-7 uppercase\">\n\t\t\t\t\tTours \t\t\t\t\t<\/p>\n\t\t\t\t\t\t\t\t\t\t<h5 class=\"post-title is-large\">Du l\u1ecbch tr\u1ea3i nghi\u1ec7m L\u00e0ng hoa Sa \u0110\u00e9c &#8211; Khu du l\u1ecbch V\u0103n h\u00f3a Ph\u01b0\u01a1ng Nam &#8211; V\u01b0\u1eddn Qu\u1ed1c gia Tr\u00e0m Chim<\/h5>\n\t\t\t\t\t<div class=\"post-meta is-small op-8\">16 December, 2021<\/div>\t\t\t\t\t<div class=\"is-divider\"><\/div>\n\t\t\t\t\t                    \n\t\t\t\t\t\n\t\t\t\t\t\n\t\t\t\t\t<\/div><!-- .box-text-inner -->\n\t\t\t\t\t<\/div><!-- .box-text -->\n\t\t\t\t\t\t\t\t\t<\/div><!-- .box -->\n\t\t\t\t<\/a><!-- .link -->\n\t\t\t<\/div><!-- .col-inner -->\n\t\t<\/div><!-- .col -->\n\t\t<div class=\"col post-item\" >\n\t\t\t<div class=\"col-inner\">\n\t\t\t<a href=\"https:\/\/dongthaptourism.com.vn\/en\/trai-nghiem-du-lich-xanh-khu-di-tich-xeo-quit-lang-hoa-sa-dec\/\" class=\"plain\">\n\t\t\t\t<div class=\"box box-bounce box-text-bottom box-blog-post has-hover\">\n            \t\t\t\t\t<div class=\"box-image\" >\n  \t\t\t\t\t\t<div class=\"image-overlay-remove image-cover\" style=\"padding-top:56%;\">\n  \t\t\t\t\t\t\t<img width=\"381\" height=\"238\" src=\"https:\/\/dongthaptourism.com.vn\/wp-content\/uploads\/2021\/12\/tour_4-012.jpg\" class=\"attachment-large size-large wp-post-image\" alt=\"\" loading=\"lazy\" \/>  \t\t\t\t\t\t\t<div class=\"overlay\" style=\"background-color: rgba(0, 0, 0, 0.09)\"><\/div>  \t\t\t\t\t\t\t  \t\t\t\t\t\t<\/div>\n  \t\t\t\t\t\t  \t\t\t\t\t<\/div><!-- .box-image -->\n          \t\t\t\t\t<div class=\"box-text show-on-hover hover-bounce text-center\" style=\"padding:10% 0px 10% 0px;\">\n\t\t\t\t\t<div class=\"box-text-inner blog-post-inner\">\n\n\t\t\t\t\t\n\t\t\t\t\t\t\t\t\t\t\t<p class=\"cat-label tag-label is-xxsmall op-7 uppercase\">\n\t\t\t\t\tTours \t\t\t\t\t<\/p>\n\t\t\t\t\t\t\t\t\t\t<h5 class=\"post-title is-large\">Tr\u1ea3i nghi\u1ec7m du l\u1ecbch xanh | Khu di t\u00edch X\u1ebbo Qu\u00edt &#8211; L\u00e0ng hoa Sa \u0110\u00e9c<\/h5>\n\t\t\t\t\t<div class=\"post-meta is-small op-8\">15 December, 2021<\/div>\t\t\t\t\t<div class=\"is-divider\"><\/div>\n\t\t\t\t\t                    \n\t\t\t\t\t\n\t\t\t\t\t\n\t\t\t\t\t<\/div><!-- .box-text-inner -->\n\t\t\t\t\t<\/div><!-- .box-text -->\n\t\t\t\t\t\t\t\t\t<\/div><!-- .box -->\n\t\t\t\t<\/a><!-- .link -->\n\t\t\t<\/div><!-- .col-inner -->\n\t\t<\/div><!-- .col -->\n\t\t<div class=\"col post-item\" >\n\t\t\t<div class=\"col-inner\">\n\t\t\t<a href=\"https:\/\/dongthaptourism.com.vn\/en\/trai-nghiem-mot-ngay-lam-nghe-nhan-tai-khu-du-lich-hoa-kieng-sa-dec-tham-quan-khu-du-lich-van-hoa-phuong-nam\/\" class=\"plain\">\n\t\t\t\t<div class=\"box box-bounce box-text-bottom box-blog-post has-hover\">\n            \t\t\t\t\t<div class=\"box-image\" >\n  \t\t\t\t\t\t<div class=\"image-overlay-remove image-cover\" style=\"padding-top:56%;\">\n  \t\t\t\t\t\t\t<img width=\"471\" height=\"314\" src=\"https:\/\/dongthaptourism.com.vn\/wp-content\/uploads\/2021\/12\/tour_3-004.jpg\" class=\"attachment-large size-large wp-post-image\" alt=\"\" loading=\"lazy\" \/>  \t\t\t\t\t\t\t<div class=\"overlay\" style=\"background-color: rgba(0, 0, 0, 0.09)\"><\/div>  \t\t\t\t\t\t\t  \t\t\t\t\t\t<\/div>\n  \t\t\t\t\t\t  \t\t\t\t\t<\/div><!-- .box-image -->\n          \t\t\t\t\t<div class=\"box-text show-on-hover hover-bounce text-center\" style=\"padding:10% 0px 10% 0px;\">\n\t\t\t\t\t<div class=\"box-text-inner blog-post-inner\">\n\n\t\t\t\t\t\n\t\t\t\t\t\t\t\t\t\t\t<p class=\"cat-label tag-label is-xxsmall op-7 uppercase\">\n\t\t\t\t\tTours \t\t\t\t\t<\/p>\n\t\t\t\t\t\t\t\t\t\t<h5 class=\"post-title is-large\">Tr\u1ea3i nghi\u1ec7m &#8220;M\u1ed9t ng\u00e0y l\u00e0m ngh\u1ec7 nh\u00e2n&#8221; t\u1ea1i Khu du l\u1ecbch hoa ki\u1ec3ng Sa \u0110\u00e9c &#8211; Tham quan Khu du l\u1ecbch V\u0103n h\u00f3a Ph\u01b0\u01a1ng Nam<\/h5>\n\t\t\t\t\t<div class=\"post-meta is-small op-8\">15 December, 2021<\/div>\t\t\t\t\t<div class=\"is-divider\"><\/div>\n\t\t\t\t\t                    \n\t\t\t\t\t\n\t\t\t\t\t\n\t\t\t\t\t<\/div><!-- .box-text-inner -->\n\t\t\t\t\t<\/div><!-- .box-text -->\n\t\t\t\t\t\t\t\t\t<\/div><!-- .box -->\n\t\t\t\t<\/a><!-- .link -->\n\t\t\t<\/div><!-- .col-inner -->\n\t\t<\/div><!-- .col -->\n<\/div>","protected":false},"excerpt":{"rendered":"","protected":false},"author":1,"featured_media":0,"parent":0,"menu_order":0,"comment_status":"closed","ping_status":"closed","template":"page-blank.php","meta":[],"_links":{"self":[{"href":"https:\/\/dongthaptourism.com.vn\/en\/wp-json\/wp\/v2\/pages\/16920"}],"collection":[{"href":"https:\/\/dongthaptourism.com.vn\/en\/wp-json\/wp\/v2\/pages"}],"about":[{"href":"https:\/\/dongthaptourism.com.vn\/en\/wp-json\/wp\/v2\/types\/page"}],"author":[{"embeddable":true,"href":"https:\/\/dongthaptourism.com.vn\/en\/wp-json\/wp\/v2\/users\/1"}],"replies":[{"embeddable":true,"href":"https:\/\/dongthaptourism.com.vn\/en\/wp-json\/wp\/v2\/comments?post=16920"}],"version-history":[{"count":17,"href":"https:\/\/dongthaptourism.com.vn\/en\/wp-json\/wp\/v2\/pages\/16920\/revisions"}],"predecessor-version":[{"id":16963,"href":"https:\/\/dongthaptourism.com.vn\/en\/wp-json\/wp\/v2\/pages\/16920\/revisions\/16963"}],"wp:attachment":[{"href":"https:\/\/dongthaptourism.com.vn\/en\/wp-json\/wp\/v2\/media?parent=16920"}],"curies":[{"name":"wp","href":"https:\/\/api.w.org\/{rel}","templated":true}]}}